{"id":24134,"date":"2022-12-12T15:29:12","date_gmt":"2022-12-12T15:29:12","guid":{"rendered":"https:\/\/portugal2030.pt\/portugal-2030\/"},"modified":"2022-12-12T15:29:12","modified_gmt":"2022-12-12T15:29:12","slug":"portugal-2030","status":"publish","type":"page","link":"https:\/\/portugal2030.pt\/en\/portugal-2030\/","title":{"rendered":"Portugal 2030"},"content":{"rendered":"","protected":false},"excerpt":{"rendered":"","protected":false},"author":1,"featured_media":0,"parent":0,"menu_order":0,"comment_status":"closed","ping_status":"closed","template":"","meta":{"_acf_changed":false,"_et_pb_use_builder":"","_et_pb_old_content":"","_et_gb_content_width":"","_uf_show_specific_survey":0,"_uf_disable_surveys":false,"_crosspost_to_10":false,"_crosspost_to_13":false,"_crosspost_to_14":false,"_crosspost_to_15":false,"_crosspost_to_16":false,"_crosspost_to_17":false,"_crosspost_to_18":false,"_crosspost_to_19":false,"_crosspost_to_20":false,"iawp_total_views":35,"footnotes":""},"class_list":["post-24134","page","type-page","status-publish","hentry"],"acf":[],"aioseo_notices":[],"yoast_head":"<!-- This site is optimized with the Yoast SEO plugin v27.0 - https:\/\/yoast.com\/product\/yoast-seo-wordpress\/ -->\n<title>Portugal 2030 - Portugal 2030<\/title>\n<meta name=\"robots\" content=\"index, follow, max-snippet:-1, max-image-preview:large, max-video-preview:-1\" \/>\n<link rel=\"canonical\" href=\"https:\/\/portugal2030.pt\/portugal-2030\/\" \/>\n<meta property=\"og:locale\" content=\"en_US\" \/>\n<meta property=\"og:type\" content=\"article\" \/>\n<meta property=\"og:title\" content=\"Portugal 2030 - Portugal 2030\" \/>\n<meta property=\"og:url\" content=\"https:\/\/portugal2030.pt\/portugal-2030\/\" \/>\n<meta property=\"og:site_name\" content=\"Portugal 2030\" \/>\n<meta name=\"twitter:card\" content=\"summary_large_image\" \/>\n<script type=\"application\/ld+json\" class=\"yoast-schema-graph\">{\"@context\":\"https:\/\/schema.org\",\"@graph\":[{\"@type\":\"WebPage\",\"@id\":\"https:\/\/portugal2030.pt\/portugal-2030\/\",\"url\":\"https:\/\/portugal2030.pt\/portugal-2030\/\",\"name\":\"Portugal 2030 - Portugal 2030\",\"isPartOf\":{\"@id\":\"https:\/\/portugal2030.pt\/#website\"},\"datePublished\":\"2022-12-12T15:29:12+00:00\",\"breadcrumb\":{\"@id\":\"https:\/\/portugal2030.pt\/portugal-2030\/#breadcrumb\"},\"inLanguage\":\"en-US\",\"potentialAction\":[{\"@type\":\"ReadAction\",\"target\":[\"https:\/\/portugal2030.pt\/portugal-2030\/\"]}]},{\"@type\":\"BreadcrumbList\",\"@id\":\"https:\/\/portugal2030.pt\/portugal-2030\/#breadcrumb\",\"itemListElement\":[{\"@type\":\"ListItem\",\"position\":1,\"name\":\"In\u00edcio\",\"item\":\"https:\/\/portugal2030.pt\/en\/homepage\/\"},{\"@type\":\"ListItem\",\"position\":2,\"name\":\"Portugal 2030\"}]},{\"@type\":\"WebSite\",\"@id\":\"https:\/\/portugal2030.pt\/#website\",\"url\":\"https:\/\/portugal2030.pt\/\",\"name\":\"Portugal 2030\",\"description\":\"O Portugal 2030 materializa o Acordo de Parceria estabelecido entre Portugal e a Comiss\u00e3o Europeia, que fixa os grandes objetivos estrat\u00e9gicos para aplica\u00e7\u00e3o, entre 2021 e 2027, do montante global de 23 mil M\u20ac.\",\"potentialAction\":[{\"@type\":\"SearchAction\",\"target\":{\"@type\":\"EntryPoint\",\"urlTemplate\":\"https:\/\/portugal2030.pt\/?s={search_term_string}\"},\"query-input\":{\"@type\":\"PropertyValueSpecification\",\"valueRequired\":true,\"valueName\":\"search_term_string\"}}],\"inLanguage\":\"en-US\"}]}<\/script>\n<!-- \/ Yoast SEO plugin. -->","yoast_head_json":{"title":"Portugal 2030 - Portugal 2030","robots":{"index":"index","follow":"follow","max-snippet":"max-snippet:-1","max-image-preview":"max-image-preview:large","max-video-preview":"max-video-preview:-1"},"canonical":"https:\/\/portugal2030.pt\/portugal-2030\/","og_locale":"en_US","og_type":"article","og_title":"Portugal 2030 - Portugal 2030","og_url":"https:\/\/portugal2030.pt\/portugal-2030\/","og_site_name":"Portugal 2030","twitter_card":"summary_large_image","schema":{"@context":"https:\/\/schema.org","@graph":[{"@type":"WebPage","@id":"https:\/\/portugal2030.pt\/portugal-2030\/","url":"https:\/\/portugal2030.pt\/portugal-2030\/","name":"Portugal 2030 - Portugal 2030","isPartOf":{"@id":"https:\/\/portugal2030.pt\/#website"},"datePublished":"2022-12-12T15:29:12+00:00","breadcrumb":{"@id":"https:\/\/portugal2030.pt\/portugal-2030\/#breadcrumb"},"inLanguage":"en-US","potentialAction":[{"@type":"ReadAction","target":["https:\/\/portugal2030.pt\/portugal-2030\/"]}]},{"@type":"BreadcrumbList","@id":"https:\/\/portugal2030.pt\/portugal-2030\/#breadcrumb","itemListElement":[{"@type":"ListItem","position":1,"name":"In\u00edcio","item":"https:\/\/portugal2030.pt\/en\/homepage\/"},{"@type":"ListItem","position":2,"name":"Portugal 2030"}]},{"@type":"WebSite","@id":"https:\/\/portugal2030.pt\/#website","url":"https:\/\/portugal2030.pt\/","name":"Portugal 2030","description":"O Portugal 2030 materializa o Acordo de Parceria estabelecido entre Portugal e a Comiss\u00e3o Europeia, que fixa os grandes objetivos estrat\u00e9gicos para aplica\u00e7\u00e3o, entre 2021 e 2027, do montante global de 23 mil M\u20ac.","potentialAction":[{"@type":"SearchAction","target":{"@type":"EntryPoint","urlTemplate":"https:\/\/portugal2030.pt\/?s={search_term_string}"},"query-input":{"@type":"PropertyValueSpecification","valueRequired":true,"valueName":"search_term_string"}}],"inLanguage":"en-US"}]}},"_links":{"self":[{"href":"https:\/\/portugal2030.pt\/en\/wp-json\/wp\/v2\/pages\/24134","targetHints":{"allow":["GET"]}}],"collection":[{"href":"https:\/\/portugal2030.pt\/en\/wp-json\/wp\/v2\/pages"}],"about":[{"href":"https:\/\/portugal2030.pt\/en\/wp-json\/wp\/v2\/types\/page"}],"author":[{"embeddable":true,"href":"https:\/\/portugal2030.pt\/en\/wp-json\/wp\/v2\/users\/1"}],"replies":[{"embeddable":true,"href":"https:\/\/portugal2030.pt\/en\/wp-json\/wp\/v2\/comments?post=24134"}],"version-history":[{"count":0,"href":"https:\/\/portugal2030.pt\/en\/wp-json\/wp\/v2\/pages\/24134\/revisions"}],"wp:attachment":[{"href":"https:\/\/portugal2030.pt\/en\/wp-json\/wp\/v2\/media?parent=24134"}],"curies":[{"name":"wp","href":"https:\/\/api.w.org\/{rel}","templated":true}]}}