{"id":24174,"date":"2022-12-13T13:16:50","date_gmt":"2022-12-13T13:16:50","guid":{"rendered":"https:\/\/portugal2030.pt\/contacts\/"},"modified":"2023-11-28T16:37:30","modified_gmt":"2023-11-28T16:37:30","slug":"contacts","status":"publish","type":"page","link":"https:\/\/portugal2030.pt\/en\/contacts\/","title":{"rendered":"Contacts"},"content":{"rendered":"<p>[et_pb_section fb_built=&#8221;1&#8243; admin_label=&#8221;Header&#8221; module_class=&#8221;about-page&#8221; _builder_version=&#8221;4.19.4&#8243; _module_preset=&#8221;default&#8221; locked=&#8221;off&#8221; collapsed=&#8221;off&#8221; global_colors_info=&#8221;{}&#8221;][et_pb_row _builder_version=&#8221;4.19.4&#8243; _module_preset=&#8221;default&#8221; collapsed=&#8221;on&#8221; global_colors_info=&#8221;{}&#8221;][et_pb_column type=&#8221;4_4&#8243; _builder_version=&#8221;4.19.2&#8243; _module_preset=&#8221;default&#8221; global_colors_info=&#8221;{}&#8221;][et_pb_post_title meta=&#8221;off&#8221; featured_image=&#8221;off&#8221; _builder_version=&#8221;4.19.4&#8243; _module_preset=&#8221;default&#8221; global_colors_info=&#8221;{}&#8221;][\/et_pb_post_title][\/et_pb_column][\/et_pb_row][et_pb_row column_structure=&#8221;2_3,1_3&#8243; use_custom_gutter=&#8221;on&#8221; gutter_width=&#8221;2&#8243; make_equal=&#8221;on&#8221; _builder_version=&#8221;4.19.4&#8243; _module_preset=&#8221;default&#8221; locked=&#8221;off&#8221; collapsed=&#8221;off&#8221; global_colors_info=&#8221;{}&#8221;][et_pb_column type=&#8221;2_3&#8243; _builder_version=&#8221;4.19.4&#8243; _module_preset=&#8221;default&#8221; global_colors_info=&#8221;{}&#8221;][et_pb_text admin_label=&#8221;Linha dos Fundos&#8221; _builder_version=&#8221;4.22.2&#8243; _module_preset=&#8221;default&#8221; global_colors_info=&#8221;{}&#8221;]<\/p>\n<h2 class=\"h3\"><strong>Linha dos Fundos<\/strong><\/h2>\n<p>Clarify your questions about Portugal 2030 with the support of <a href=\"https:\/\/balcaofundosue.pt\/LinhaDosFundos\" target=\"_blank\" rel=\"noopener\">Linha dos Fundos<\/a>.<\/p>\n<p>[\/et_pb_text][et_pb_text admin_label=&#8221;Telefone&#8221; module_class=&#8221;bg-gray p-2 br-6&#8243; _builder_version=&#8221;4.22.2&#8243; _module_preset=&#8221;default&#8221; global_colors_info=&#8221;{}&#8221;]<\/p>\n<h3 class=\"h4\"><strong>Telephone<\/strong><\/h3>\n<p>Every <strong>working day<\/strong> between <strong>9am<\/strong> and <strong>6pm<\/strong>.<\/p>\n<p>&nbsp;<\/p>\n<h3 class=\"h4\"><strong>800 10 35 10<\/strong><\/h3>\n<p>For callers from Portugal (cost: free)<\/p>\n<p>&nbsp;<\/p>\n<h3 class=\"h4\"><strong>00351 300 00 39 87<\/strong><\/h3>\n<p>For callers from abroad (cost: call to Portugal&#8217;s landline network)<\/p>\n<p>[\/et_pb_text][et_pb_text admin_label=&#8221;Suporte online&#8221; module_class=&#8221;bg-gray p-2 br-6&#8243; _builder_version=&#8221;4.22.2&#8243; _module_preset=&#8221;default&#8221; global_colors_info=&#8221;{}&#8221;]<\/p>\n<h3 class=\"h4\"><strong>Online support<\/strong><\/h3>\n<ul>\n<li>Technical support on Balc\u00e3o dos Fundos and other platforms.<\/li>\n<li>Information about European funds.<\/li>\n<li>Information about the status of your operations.<\/li>\n<\/ul>\n<p><a href=\"https:\/\/suporte-lf.linhadosfundos.pt\/s\/fundos\" target=\"_blank\" rel=\"noopener\">Register support request<\/a><\/p>\n<p>[\/et_pb_text][et_pb_text admin_label=&#8221;E-mail&#8221; module_class=&#8221;bg-gray p-2 br-6&#8243; _builder_version=&#8221;4.22.2&#8243; _module_preset=&#8221;default&#8221; global_colors_info=&#8221;{}&#8221;]<\/p>\n<h3 class=\"h4\"><strong>Email<\/strong><\/h3>\n<p>Technical support on Balc\u00e3o dos Fundos and other platforms.<\/p>\n<p><a href=\"mailto:linhadosfundos@linhadosfundos.pt\">linhadosfundos@linhadosfundos.pt<\/a><\/p>\n<p>[\/et_pb_text][et_pb_text admin_label=&#8221;Videochamada&#8221; module_class=&#8221;bg-gray p-2 br-6&#8243; _builder_version=&#8221;4.22.2&#8243; _module_preset=&#8221;default&#8221; global_colors_info=&#8221;{}&#8221;]<\/p>\n<h3 class=\"h4\"><strong>Video call<\/strong><\/h3>\n<p><a href=\"https:\/\/eportugal.gov.pt\/servicos\/fazer-o-registo-no-balcao-dos-fundos\" target=\"_blank\" rel=\"noopener\">Support for registration at the Balc\u00e3o dos Fundos<\/a><\/p>\n<p><a href=\"https:\/\/eportugal.gov.pt\/servicos\/fazer-o-registo-no-balcao-dos-fundos\" target=\"_blank\" rel=\"noopener\">Schedule a video call<\/a><\/p>\n<p>[\/et_pb_text][et_pb_text admin_label=&#8221;Chat&#8221; module_class=&#8221;bg-gray p-2 br-6&#8243; _builder_version=&#8221;4.22.2&#8243; _module_preset=&#8221;default&#8221; global_colors_info=&#8221;{}&#8221;]<\/p>\n<h3 class=\"h4\"><strong>Chat<\/strong><\/h3>\n<ul>\n<li>Support for registration at the Balc\u00e3o dos Fundos.<\/li>\n<li>Technical support on Balc\u00e3o dos Fundos and other platforms.<\/li>\n<\/ul>\n<p>Every <strong>working day<\/strong>, between <strong>9am<\/strong> and <strong>6pm<\/strong>.<\/p>\n<p>To use the chat, <a href=\"https:\/\/balcaofundosue.pt\/LinhaDosFundos\" target=\"_blank\" rel=\"noopener\">go to the Linha dos Fundos website<\/a>.<\/p>\n<p>[\/et_pb_text][et_pb_text admin_label=&#8221;Canal de Den\u00fancias&#8221; module_class=&#8221;bg-gray p-2 br-6&#8243; _builder_version=&#8221;4.23.1&#8243; _module_preset=&#8221;default&#8221; hover_enabled=&#8221;0&#8243; global_colors_info=&#8221;{}&#8221; sticky_enabled=&#8221;0&#8243;]<\/p>\n<h3 class=\"h4\"><strong>Complaints channel<\/strong><\/h3>\n<p>To safely report infractions and acts of corruption or related infractions related to European funds, the whistleblower must submit the complaint to the Management Authority of the Program in question.<\/p>\n<p>To this end, we provide the link to the complaints channels, by Program:<\/p>\n<ul>\n<li><a href=\"https:\/\/sustentavel2030.gov.pt\/sustent%C3%A1vel-2030\/den%C3%BAncias-electr%C3%B3nicas\/\" target=\"_blank\" rel=\"noopener\">Sustent\u00e1vel 2030<\/a><\/li>\n<li><a href=\"https:\/\/mar2030.pt\/denuncias\" target=\"_blank\" rel=\"noopener\">MAR 2030<\/a><\/li>\n<li><a href=\"https:\/\/www.ccdr-lvt.pt\/formularios\/denuncias\/\" target=\"_blank\" rel=\"noopener\">Lisboa 2030<\/a><\/li>\n<li><a href=\"https:\/\/canaldenuncias.azores.gov.pt\/portal\/pt\/home\" target=\"_blank\" rel=\"noopener\">A\u00e7ores 2030<\/a><\/li>\n<li><a href=\"https:\/\/canaldenuncias.madeira.gov.pt\/\" target=\"_blank\" rel=\"noopener\">Madeira 2030<\/a><\/li>\n<li><a href=\"https:\/\/pat.portugal2030.pt\/denuncias\/\" target=\"_blank\" rel=\"noopener\">PAT 2030<\/a><\/li>\n<\/ul>\n<p>[\/et_pb_text][\/et_pb_column][et_pb_column type=&#8221;1_3&#8243; _builder_version=&#8221;4.19.4&#8243; _module_preset=&#8221;default&#8221; global_colors_info=&#8221;{}&#8221;][et_pb_text admin_label=&#8221;Ajuda&#8221; module_class=&#8221;bg-gray p-2 br-6&#8243; _builder_version=&#8221;4.19.5&#8243; _module_preset=&#8221;default&#8221; global_colors_info=&#8221;{}&#8221;]<\/p>\n<h3><strong>Help<\/strong><\/h3>\n<p>Before contacting <a href=\"https:\/\/balcaofundosue.pt\/LinhaDosFundos\" target=\"_blank\" rel=\"noopener\"><strong>Linha dos Fundos<\/strong><\/a>, see if you can find an answer on our <strong>Help <a href=\"https:\/\/portugal2030.pt\/en\/?page_id=24130\" target=\"_blank\" rel=\"noopener\">page<\/a><\/strong>.<\/p>\n<p>[\/et_pb_text][\/et_pb_column][\/et_pb_row][\/et_pb_section]<\/p>\n","protected":false},"excerpt":{"rendered":"<p>Linha dos Fundos Clarify your questions about Portugal 2030 with the support of Linha dos Fundos.Telephone Every working day between 9am and 6pm. &nbsp; 800 10 35 10 For callers from Portugal (cost: free) &nbsp; 00351 300 00 39 87 For callers from abroad (cost: call to Portugal&#8217;s landline network)Online support Technical support on Balc\u00e3o [&hellip;]<\/p>\n","protected":false},"author":1,"featured_media":0,"parent":0,"menu_order":0,"comment_status":"closed","ping_status":"closed","template":"","meta":{"_acf_changed":false,"_et_pb_use_builder":"on","_et_pb_old_content":"","_et_gb_content_width":"","_uf_show_specific_survey":0,"_uf_disable_surveys":false,"_crosspost_to_10":false,"_crosspost_to_13":false,"_crosspost_to_14":false,"_crosspost_to_15":false,"_crosspost_to_16":false,"_crosspost_to_17":false,"_crosspost_to_18":false,"_crosspost_to_19":false,"_crosspost_to_20":false,"iawp_total_views":531,"footnotes":""},"class_list":["post-24174","page","type-page","status-publish","hentry"],"acf":[],"aioseo_notices":[],"yoast_head":"<!-- This site is optimized with the Yoast SEO plugin v27.0 - https:\/\/yoast.com\/product\/yoast-seo-wordpress\/ -->\n<title>Contacts - Portugal 2030<\/title>\n<meta name=\"robots\" content=\"index, follow, max-snippet:-1, max-image-preview:large, max-video-preview:-1\" \/>\n<link rel=\"canonical\" href=\"https:\/\/portugal2030.pt\/en\/contacts\/\" \/>\n<meta property=\"og:locale\" content=\"en_US\" \/>\n<meta property=\"og:type\" content=\"article\" \/>\n<meta property=\"og:title\" content=\"Contacts - Portugal 2030\" \/>\n<meta property=\"og:description\" content=\"Linha dos Fundos Clarify your questions about Portugal 2030 with the support of Linha dos Fundos.Telephone Every working day between 9am and 6pm. &nbsp; 800 10 35 10 For callers from Portugal (cost: free) &nbsp; 00351 300 00 39 87 For callers from abroad (cost: call to Portugal&#039;s landline network)Online support Technical support on Balc\u00e3o [&hellip;]\" \/>\n<meta property=\"og:url\" content=\"https:\/\/portugal2030.pt\/en\/contacts\/\" \/>\n<meta property=\"og:site_name\" content=\"Portugal 2030\" \/>\n<meta property=\"article:modified_time\" content=\"2023-11-28T16:37:30+00:00\" \/>\n<meta name=\"twitter:card\" content=\"summary_large_image\" \/>\n<meta name=\"twitter:label1\" content=\"Est. reading time\" \/>\n\t<meta name=\"twitter:data1\" content=\"3 minutes\" \/>\n<script type=\"application\/ld+json\" class=\"yoast-schema-graph\">{\"@context\":\"https:\/\/schema.org\",\"@graph\":[{\"@type\":\"WebPage\",\"@id\":\"https:\/\/portugal2030.pt\/en\/contacts\/\",\"url\":\"https:\/\/portugal2030.pt\/en\/contacts\/\",\"name\":\"Contacts - Portugal 2030\",\"isPartOf\":{\"@id\":\"https:\/\/portugal2030.pt\/#website\"},\"datePublished\":\"2022-12-13T13:16:50+00:00\",\"dateModified\":\"2023-11-28T16:37:30+00:00\",\"breadcrumb\":{\"@id\":\"https:\/\/portugal2030.pt\/en\/contacts\/#breadcrumb\"},\"inLanguage\":\"en-US\",\"potentialAction\":[{\"@type\":\"ReadAction\",\"target\":[\"https:\/\/portugal2030.pt\/en\/contacts\/\"]}]},{\"@type\":\"BreadcrumbList\",\"@id\":\"https:\/\/portugal2030.pt\/en\/contacts\/#breadcrumb\",\"itemListElement\":[{\"@type\":\"ListItem\",\"position\":1,\"name\":\"In\u00edcio\",\"item\":\"https:\/\/portugal2030.pt\/en\/homepage\/\"},{\"@type\":\"ListItem\",\"position\":2,\"name\":\"Contacts\"}]},{\"@type\":\"WebSite\",\"@id\":\"https:\/\/portugal2030.pt\/#website\",\"url\":\"https:\/\/portugal2030.pt\/\",\"name\":\"Portugal 2030\",\"description\":\"O Portugal 2030 materializa o Acordo de Parceria estabelecido entre Portugal e a Comiss\u00e3o Europeia, que fixa os grandes objetivos estrat\u00e9gicos para aplica\u00e7\u00e3o, entre 2021 e 2027, do montante global de 23 mil M\u20ac.\",\"potentialAction\":[{\"@type\":\"SearchAction\",\"target\":{\"@type\":\"EntryPoint\",\"urlTemplate\":\"https:\/\/portugal2030.pt\/?s={search_term_string}\"},\"query-input\":{\"@type\":\"PropertyValueSpecification\",\"valueRequired\":true,\"valueName\":\"search_term_string\"}}],\"inLanguage\":\"en-US\"}]}<\/script>\n<!-- \/ Yoast SEO plugin. -->","yoast_head_json":{"title":"Contacts - Portugal 2030","robots":{"index":"index","follow":"follow","max-snippet":"max-snippet:-1","max-image-preview":"max-image-preview:large","max-video-preview":"max-video-preview:-1"},"canonical":"https:\/\/portugal2030.pt\/en\/contacts\/","og_locale":"en_US","og_type":"article","og_title":"Contacts - Portugal 2030","og_description":"Linha dos Fundos Clarify your questions about Portugal 2030 with the support of Linha dos Fundos.Telephone Every working day between 9am and 6pm. &nbsp; 800 10 35 10 For callers from Portugal (cost: free) &nbsp; 00351 300 00 39 87 For callers from abroad (cost: call to Portugal's landline network)Online support Technical support on Balc\u00e3o [&hellip;]","og_url":"https:\/\/portugal2030.pt\/en\/contacts\/","og_site_name":"Portugal 2030","article_modified_time":"2023-11-28T16:37:30+00:00","twitter_card":"summary_large_image","twitter_misc":{"Est. reading time":"3 minutes"},"schema":{"@context":"https:\/\/schema.org","@graph":[{"@type":"WebPage","@id":"https:\/\/portugal2030.pt\/en\/contacts\/","url":"https:\/\/portugal2030.pt\/en\/contacts\/","name":"Contacts - Portugal 2030","isPartOf":{"@id":"https:\/\/portugal2030.pt\/#website"},"datePublished":"2022-12-13T13:16:50+00:00","dateModified":"2023-11-28T16:37:30+00:00","breadcrumb":{"@id":"https:\/\/portugal2030.pt\/en\/contacts\/#breadcrumb"},"inLanguage":"en-US","potentialAction":[{"@type":"ReadAction","target":["https:\/\/portugal2030.pt\/en\/contacts\/"]}]},{"@type":"BreadcrumbList","@id":"https:\/\/portugal2030.pt\/en\/contacts\/#breadcrumb","itemListElement":[{"@type":"ListItem","position":1,"name":"In\u00edcio","item":"https:\/\/portugal2030.pt\/en\/homepage\/"},{"@type":"ListItem","position":2,"name":"Contacts"}]},{"@type":"WebSite","@id":"https:\/\/portugal2030.pt\/#website","url":"https:\/\/portugal2030.pt\/","name":"Portugal 2030","description":"O Portugal 2030 materializa o Acordo de Parceria estabelecido entre Portugal e a Comiss\u00e3o Europeia, que fixa os grandes objetivos estrat\u00e9gicos para aplica\u00e7\u00e3o, entre 2021 e 2027, do montante global de 23 mil M\u20ac.","potentialAction":[{"@type":"SearchAction","target":{"@type":"EntryPoint","urlTemplate":"https:\/\/portugal2030.pt\/?s={search_term_string}"},"query-input":{"@type":"PropertyValueSpecification","valueRequired":true,"valueName":"search_term_string"}}],"inLanguage":"en-US"}]}},"_links":{"self":[{"href":"https:\/\/portugal2030.pt\/en\/wp-json\/wp\/v2\/pages\/24174","targetHints":{"allow":["GET"]}}],"collection":[{"href":"https:\/\/portugal2030.pt\/en\/wp-json\/wp\/v2\/pages"}],"about":[{"href":"https:\/\/portugal2030.pt\/en\/wp-json\/wp\/v2\/types\/page"}],"author":[{"embeddable":true,"href":"https:\/\/portugal2030.pt\/en\/wp-json\/wp\/v2\/users\/1"}],"replies":[{"embeddable":true,"href":"https:\/\/portugal2030.pt\/en\/wp-json\/wp\/v2\/comments?post=24174"}],"version-history":[{"count":11,"href":"https:\/\/portugal2030.pt\/en\/wp-json\/wp\/v2\/pages\/24174\/revisions"}],"predecessor-version":[{"id":24816,"href":"https:\/\/portugal2030.pt\/en\/wp-json\/wp\/v2\/pages\/24174\/revisions\/24816"}],"wp:attachment":[{"href":"https:\/\/portugal2030.pt\/en\/wp-json\/wp\/v2\/media?parent=24174"}],"curies":[{"name":"wp","href":"https:\/\/api.w.org\/{rel}","templated":true}]}}