{"id":24183,"date":"2023-01-25T18:49:56","date_gmt":"2023-01-25T18:49:56","guid":{"rendered":"https:\/\/portugal2030.pt\/politica-de-privacidade\/"},"modified":"2023-11-28T16:37:11","modified_gmt":"2023-11-28T16:37:11","slug":"politica-de-privacidade","status":"publish","type":"page","link":"https:\/\/portugal2030.pt\/en\/politica-de-privacidade\/","title":{"rendered":"Privacy Policy"},"content":{"rendered":"<p>[et_pb_section fb_built=&#8221;1&#8243; admin_label=&#8221;Header&#8221; module_class=&#8221;about-page&#8221; _builder_version=&#8221;4.19.4&#8243; _module_preset=&#8221;default&#8221; locked=&#8221;off&#8221; collapsed=&#8221;off&#8221; global_colors_info=&#8221;{}&#8221;][et_pb_row _builder_version=&#8221;4.19.4&#8243; _module_preset=&#8221;default&#8221; collapsed=&#8221;on&#8221; global_colors_info=&#8221;{}&#8221;][et_pb_column type=&#8221;4_4&#8243; _builder_version=&#8221;4.19.2&#8243; _module_preset=&#8221;default&#8221; global_colors_info=&#8221;{}&#8221;][et_pb_post_title meta=&#8221;off&#8221; featured_image=&#8221;off&#8221; _builder_version=&#8221;4.19.4&#8243; _module_preset=&#8221;default&#8221; global_colors_info=&#8221;{}&#8221;][\/et_pb_post_title][\/et_pb_column][\/et_pb_row][et_pb_row column_structure=&#8221;2_3,1_3&#8243; use_custom_gutter=&#8221;on&#8221; gutter_width=&#8221;2&#8243; make_equal=&#8221;on&#8221; _builder_version=&#8221;4.19.4&#8243; _module_preset=&#8221;default&#8221; locked=&#8221;off&#8221; collapsed=&#8221;off&#8221; global_colors_info=&#8221;{}&#8221;][et_pb_column type=&#8221;2_3&#8243; _builder_version=&#8221;4.19.4&#8243; _module_preset=&#8221;default&#8221; global_colors_info=&#8221;{}&#8221;][et_pb_text admin_label=&#8221;Texto&#8221; _builder_version=&#8221;4.23.1&#8243; _module_preset=&#8221;default&#8221; hover_enabled=&#8221;0&#8243; global_colors_info=&#8221;{}&#8221; sticky_enabled=&#8221;0&#8243;]<\/p>\n<p>Portugal 2030 respects the right to privacy and does not collect any personal information on this <em>website<\/em> without the consent of the respective subjects.<\/p>\n<p>Personal data are collected in accordance with the consent of the respective subject, expressed when subscribing, by an unequivocally positive act, to the <em>Newsletter<\/em> or when making suggestions to the Portugal 2030 <em>website<\/em>.<\/p>\n<p>Any personal data provided to us will be processed with all the guarantees of security and confidentiality established in the Portuguese Data Protection Law (Law no. 67\/98, of 26 October) and Regulation (EU) no. 2016\/679 of the European Parliament and of the Council of 27 April 2016 on the protection of natural persons with regard to the processing of personal data, namely the lawfulness of their processing, their subsequent non-use for purposes other than those stated, as well as the possibility of updating, rectification or deletion by the respective subject.<\/p>\n<p>The personal data collected are used exclusively for the purpose of sending the <em>Newsletter<\/em> and responding to suggestions made to the Portugal 2030 <em>website<\/em>.<\/p>\n<p>Portugal 2030 ensures the rectification of inaccurate personal data, as well as their erasure, which may be requested by the respective subject through the following email address <a href=\"mailto:protecao.dados@adcoesao.pt\" target=\"_blank\" rel=\"noopener\">protecao.dados@adcoesao.pt<\/a> to the attention of the <strong>Data Protection Officer &#8211; Isabel Maria de Ara\u00fajo Flor Brites Lopes &#8211; or at the following link.<\/strong>, or <a href=\"https:\/\/www.adcoesao.pt\/contactos\/\" target=\"_blank\" rel=\"noopener\">at the following link.<\/a>.<\/p>\n<p>Portugal 2030 also ensures the right to limit the processing, the right to object to the processing, the right to data portability, as well as the right to withdraw consent at any time, which may take place via the aforementioned email address or the AD&amp;C <em>website<\/em>.<\/p>\n<p>The data collected will be stored and kept only for as long as AD&amp;C keeps sending the <em>Newsletter<\/em>.<\/p>\n<p>The data subject has the right to lodge a complaint with the National Data Protection Commission.<\/p>\n<p>The Portugal 2030 <em>website<\/em> contains <em>links<\/em> to other <em>websites<\/em> and we recommend that you consult the pages within those <em>websites<\/em> that refer to their privacy policies.<\/p>\n<p>More detailed Portugal 2030 reserves the right to change the Privacy Policy, so we advise you to read this document regularly.<\/p>\n<p>The entity responsible for processing data is AD&amp;C, with registered office at Avenida 5 de outubro, n.\u00ba 153, 1050-053 in Lisbon.<\/p>\n<p>information on the protection of personal data can be obtained by consulting Regulation (EC) No. 2016\/679 of the European Parliament and of the Council of 27 April 2016, Law No. 67\/98, of 26 October, which approved the Personal Data Protection Law, and at <a href=\"http:\/\/www.cnpd.pt\/\" target=\"_blank\" rel=\"noopener\">www.cnpd.pt.<\/a><\/p>\n<p>[\/et_pb_text][\/et_pb_column][et_pb_column type=&#8221;1_3&#8243; _builder_version=&#8221;4.19.4&#8243; _module_preset=&#8221;default&#8221; global_colors_info=&#8221;{}&#8221;][\/et_pb_column][\/et_pb_row][\/et_pb_section]<\/p>\n","protected":false},"excerpt":{"rendered":"<p>Portugal 2030 respects the right to privacy and does not collect any personal information on this website without the consent of the respective subjects. Personal data are collected in accordance with the consent of the respective subject, expressed when subscribing, by an unequivocally positive act, to the Newsletter or when making suggestions to the Portugal [&hellip;]<\/p>\n","protected":false},"author":1,"featured_media":0,"parent":0,"menu_order":0,"comment_status":"closed","ping_status":"closed","template":"","meta":{"_acf_changed":false,"_et_pb_use_builder":"on","_et_pb_old_content":"","_et_gb_content_width":"","_uf_show_specific_survey":0,"_uf_disable_surveys":false,"_crosspost_to_10":false,"_crosspost_to_13":false,"_crosspost_to_14":false,"_crosspost_to_15":false,"_crosspost_to_16":false,"_crosspost_to_17":false,"_crosspost_to_18":false,"_crosspost_to_19":false,"_crosspost_to_20":false,"iawp_total_views":207,"footnotes":""},"class_list":["post-24183","page","type-page","status-publish","hentry"],"acf":[],"aioseo_notices":[],"yoast_head":"<!-- This site is optimized with the Yoast SEO plugin v27.0 - https:\/\/yoast.com\/product\/yoast-seo-wordpress\/ -->\n<title>Privacy Policy - Portugal 2030<\/title>\n<meta name=\"robots\" content=\"index, follow, max-snippet:-1, max-image-preview:large, max-video-preview:-1\" \/>\n<link rel=\"canonical\" href=\"https:\/\/portugal2030.pt\/en\/politica-de-privacidade\/\" \/>\n<meta property=\"og:locale\" content=\"en_US\" \/>\n<meta property=\"og:type\" content=\"article\" \/>\n<meta property=\"og:title\" content=\"Privacy Policy - Portugal 2030\" \/>\n<meta property=\"og:description\" content=\"Portugal 2030 respects the right to privacy and does not collect any personal information on this website without the consent of the respective subjects. Personal data are collected in accordance with the consent of the respective subject, expressed when subscribing, by an unequivocally positive act, to the Newsletter or when making suggestions to the Portugal [&hellip;]\" \/>\n<meta property=\"og:url\" content=\"https:\/\/portugal2030.pt\/en\/politica-de-privacidade\/\" \/>\n<meta property=\"og:site_name\" content=\"Portugal 2030\" \/>\n<meta property=\"article:modified_time\" content=\"2023-11-28T16:37:11+00:00\" \/>\n<meta name=\"twitter:card\" content=\"summary_large_image\" \/>\n<meta name=\"twitter:label1\" content=\"Est. reading time\" \/>\n\t<meta name=\"twitter:data1\" content=\"3 minutes\" \/>\n<script type=\"application\/ld+json\" class=\"yoast-schema-graph\">{\"@context\":\"https:\/\/schema.org\",\"@graph\":[{\"@type\":\"WebPage\",\"@id\":\"https:\/\/portugal2030.pt\/en\/politica-de-privacidade\/\",\"url\":\"https:\/\/portugal2030.pt\/en\/politica-de-privacidade\/\",\"name\":\"Privacy Policy - Portugal 2030\",\"isPartOf\":{\"@id\":\"https:\/\/portugal2030.pt\/#website\"},\"datePublished\":\"2023-01-25T18:49:56+00:00\",\"dateModified\":\"2023-11-28T16:37:11+00:00\",\"breadcrumb\":{\"@id\":\"https:\/\/portugal2030.pt\/en\/politica-de-privacidade\/#breadcrumb\"},\"inLanguage\":\"en-US\",\"potentialAction\":[{\"@type\":\"ReadAction\",\"target\":[\"https:\/\/portugal2030.pt\/en\/politica-de-privacidade\/\"]}]},{\"@type\":\"BreadcrumbList\",\"@id\":\"https:\/\/portugal2030.pt\/en\/politica-de-privacidade\/#breadcrumb\",\"itemListElement\":[{\"@type\":\"ListItem\",\"position\":1,\"name\":\"In\u00edcio\",\"item\":\"https:\/\/portugal2030.pt\/en\/homepage\/\"},{\"@type\":\"ListItem\",\"position\":2,\"name\":\"Privacy Policy\"}]},{\"@type\":\"WebSite\",\"@id\":\"https:\/\/portugal2030.pt\/#website\",\"url\":\"https:\/\/portugal2030.pt\/\",\"name\":\"Portugal 2030\",\"description\":\"O Portugal 2030 materializa o Acordo de Parceria estabelecido entre Portugal e a Comiss\u00e3o Europeia, que fixa os grandes objetivos estrat\u00e9gicos para aplica\u00e7\u00e3o, entre 2021 e 2027, do montante global de 23 mil M\u20ac.\",\"potentialAction\":[{\"@type\":\"SearchAction\",\"target\":{\"@type\":\"EntryPoint\",\"urlTemplate\":\"https:\/\/portugal2030.pt\/?s={search_term_string}\"},\"query-input\":{\"@type\":\"PropertyValueSpecification\",\"valueRequired\":true,\"valueName\":\"search_term_string\"}}],\"inLanguage\":\"en-US\"}]}<\/script>\n<!-- \/ Yoast SEO plugin. -->","yoast_head_json":{"title":"Privacy Policy - Portugal 2030","robots":{"index":"index","follow":"follow","max-snippet":"max-snippet:-1","max-image-preview":"max-image-preview:large","max-video-preview":"max-video-preview:-1"},"canonical":"https:\/\/portugal2030.pt\/en\/politica-de-privacidade\/","og_locale":"en_US","og_type":"article","og_title":"Privacy Policy - Portugal 2030","og_description":"Portugal 2030 respects the right to privacy and does not collect any personal information on this website without the consent of the respective subjects. Personal data are collected in accordance with the consent of the respective subject, expressed when subscribing, by an unequivocally positive act, to the Newsletter or when making suggestions to the Portugal [&hellip;]","og_url":"https:\/\/portugal2030.pt\/en\/politica-de-privacidade\/","og_site_name":"Portugal 2030","article_modified_time":"2023-11-28T16:37:11+00:00","twitter_card":"summary_large_image","twitter_misc":{"Est. reading time":"3 minutes"},"schema":{"@context":"https:\/\/schema.org","@graph":[{"@type":"WebPage","@id":"https:\/\/portugal2030.pt\/en\/politica-de-privacidade\/","url":"https:\/\/portugal2030.pt\/en\/politica-de-privacidade\/","name":"Privacy Policy - Portugal 2030","isPartOf":{"@id":"https:\/\/portugal2030.pt\/#website"},"datePublished":"2023-01-25T18:49:56+00:00","dateModified":"2023-11-28T16:37:11+00:00","breadcrumb":{"@id":"https:\/\/portugal2030.pt\/en\/politica-de-privacidade\/#breadcrumb"},"inLanguage":"en-US","potentialAction":[{"@type":"ReadAction","target":["https:\/\/portugal2030.pt\/en\/politica-de-privacidade\/"]}]},{"@type":"BreadcrumbList","@id":"https:\/\/portugal2030.pt\/en\/politica-de-privacidade\/#breadcrumb","itemListElement":[{"@type":"ListItem","position":1,"name":"In\u00edcio","item":"https:\/\/portugal2030.pt\/en\/homepage\/"},{"@type":"ListItem","position":2,"name":"Privacy Policy"}]},{"@type":"WebSite","@id":"https:\/\/portugal2030.pt\/#website","url":"https:\/\/portugal2030.pt\/","name":"Portugal 2030","description":"O Portugal 2030 materializa o Acordo de Parceria estabelecido entre Portugal e a Comiss\u00e3o Europeia, que fixa os grandes objetivos estrat\u00e9gicos para aplica\u00e7\u00e3o, entre 2021 e 2027, do montante global de 23 mil M\u20ac.","potentialAction":[{"@type":"SearchAction","target":{"@type":"EntryPoint","urlTemplate":"https:\/\/portugal2030.pt\/?s={search_term_string}"},"query-input":{"@type":"PropertyValueSpecification","valueRequired":true,"valueName":"search_term_string"}}],"inLanguage":"en-US"}]}},"_links":{"self":[{"href":"https:\/\/portugal2030.pt\/en\/wp-json\/wp\/v2\/pages\/24183","targetHints":{"allow":["GET"]}}],"collection":[{"href":"https:\/\/portugal2030.pt\/en\/wp-json\/wp\/v2\/pages"}],"about":[{"href":"https:\/\/portugal2030.pt\/en\/wp-json\/wp\/v2\/types\/page"}],"author":[{"embeddable":true,"href":"https:\/\/portugal2030.pt\/en\/wp-json\/wp\/v2\/users\/1"}],"replies":[{"embeddable":true,"href":"https:\/\/portugal2030.pt\/en\/wp-json\/wp\/v2\/comments?post=24183"}],"version-history":[{"count":2,"href":"https:\/\/portugal2030.pt\/en\/wp-json\/wp\/v2\/pages\/24183\/revisions"}],"predecessor-version":[{"id":24802,"href":"https:\/\/portugal2030.pt\/en\/wp-json\/wp\/v2\/pages\/24183\/revisions\/24802"}],"wp:attachment":[{"href":"https:\/\/portugal2030.pt\/en\/wp-json\/wp\/v2\/media?parent=24183"}],"curies":[{"name":"wp","href":"https:\/\/api.w.org\/{rel}","templated":true}]}}