{"id":24192,"date":"2023-01-25T18:51:18","date_gmt":"2023-01-25T18:51:18","guid":{"rendered":"https:\/\/portugal2030.pt\/terms-and-conditions\/"},"modified":"2023-11-10T16:56:04","modified_gmt":"2023-11-10T16:56:04","slug":"terms-and-conditions","status":"publish","type":"page","link":"https:\/\/portugal2030.pt\/en\/terms-and-conditions\/","title":{"rendered":"Terms and Conditions"},"content":{"rendered":"<p>[et_pb_section fb_built=&#8221;1&#8243; admin_label=&#8221;Header&#8221; module_class=&#8221;about-page&#8221; _builder_version=&#8221;4.19.4&#8243; _module_preset=&#8221;default&#8221; background_enable_color=&#8221;off&#8221; locked=&#8221;off&#8221; collapsed=&#8221;off&#8221; global_colors_info=&#8221;{}&#8221;][et_pb_row _builder_version=&#8221;4.19.4&#8243; _module_preset=&#8221;default&#8221; collapsed=&#8221;on&#8221; global_colors_info=&#8221;{}&#8221;][et_pb_column type=&#8221;4_4&#8243; _builder_version=&#8221;4.19.2&#8243; _module_preset=&#8221;default&#8221; global_colors_info=&#8221;{}&#8221;][et_pb_post_title meta=&#8221;off&#8221; featured_image=&#8221;off&#8221; _builder_version=&#8221;4.19.4&#8243; _module_preset=&#8221;default&#8221; global_colors_info=&#8221;{}&#8221;][\/et_pb_post_title][\/et_pb_column][\/et_pb_row][et_pb_row column_structure=&#8221;2_3,1_3&#8243; use_custom_gutter=&#8221;on&#8221; gutter_width=&#8221;2&#8243; make_equal=&#8221;on&#8221; _builder_version=&#8221;4.19.4&#8243; _module_preset=&#8221;default&#8221; locked=&#8221;off&#8221; collapsed=&#8221;off&#8221; global_colors_info=&#8221;{}&#8221;][et_pb_column type=&#8221;2_3&#8243; _builder_version=&#8221;4.19.4&#8243; _module_preset=&#8221;default&#8221; global_colors_info=&#8221;{}&#8221;][et_pb_text admin_label=&#8221;Texto&#8221; _builder_version=&#8221;4.19.4&#8243; _module_preset=&#8221;default&#8221; global_colors_info=&#8221;{}&#8221;]<\/p>\n<p>These terms and conditions govern the use of the Portugal 2030 <em>website<\/em>.<\/p>\n<p>The Portugal 2030 <em>website<\/em> and all its contents are property of Cohesion and Development Agency.<\/p>\n<p>The content of the Portugal 2030 <em>website<\/em> is protected by copyright and related rights, as well as by industrial property rights under Portuguese and European Union law, and may not be used outside the conditions allowed for using this <em>website<\/em> without the consent of Cohesion and Development Agency.<\/p>\n<p>The intellectual property rights of all Cohesion and Development Agency contents that are not intended for external supply and, consequently, are not duly identified, belong to Cohesion and Development Agency , including information, tools, graphics, images, graphs or texts. Cohesion and Development Agency accepts no liability for the usurpation and misuse of the aforementioned elements, except for the exceptions permitted by law, namely the right to quote, provided that their origin is clearly identified. The content of this <em>website<\/em> may not be copied, altered or distributed, except with the express authorisation of Cohesion and Development Agency<\/p>\n<p>Cohesion and Development Agency reserves the right to interrupt access to the Portugal 2030 <em>website<\/em> for the period it deems necessary, for any technical, administrative, force majeure or other reasons that may arise and are not directly contemplated herein.<\/p>\n<p>All attempts to tamper with the contents or structure of the <em>website<\/em> and its ancillary media, or any other action that may cause damage and jeopardise the integrity of the system may be subject to prosecution.<\/p>\n<p>Its contents are up to date. However, and given the interconnection with different entities that are the source of information for the Portugal 2030 <em>website<\/em>, they may not always be up to date, despite the effort made regularly for this purpose. Therefore, Cohesion and Development Agency shall not be liable for any damages or losses, direct or indirect, suffered by any user, related to the information contained in this <em>website<\/em>.<\/p>\n<p>[\/et_pb_text][\/et_pb_column][et_pb_column type=&#8221;1_3&#8243; _builder_version=&#8221;4.19.4&#8243; _module_preset=&#8221;default&#8221; global_colors_info=&#8221;{}&#8221;][\/et_pb_column][\/et_pb_row][\/et_pb_section]<\/p>\n","protected":false},"excerpt":{"rendered":"<p>These terms and conditions govern the use of the Portugal 2030 website. The Portugal 2030 website and all its contents are property of Cohesion and Development Agency. The content of the Portugal 2030 website is protected by copyright and related rights, as well as by industrial property rights under Portuguese and European Union law, and [&hellip;]<\/p>\n","protected":false},"author":1,"featured_media":0,"parent":0,"menu_order":0,"comment_status":"closed","ping_status":"closed","template":"","meta":{"_acf_changed":false,"_et_pb_use_builder":"on","_et_pb_old_content":"","_et_gb_content_width":"","_uf_show_specific_survey":0,"_uf_disable_surveys":false,"_crosspost_to_10":false,"_crosspost_to_13":false,"_crosspost_to_14":false,"_crosspost_to_15":false,"_crosspost_to_16":false,"_crosspost_to_17":false,"_crosspost_to_18":false,"_crosspost_to_19":false,"_crosspost_to_20":false,"iawp_total_views":58,"footnotes":""},"class_list":["post-24192","page","type-page","status-publish","hentry"],"acf":[],"aioseo_notices":[],"yoast_head":"<!-- This site is optimized with the Yoast SEO plugin v27.4 - https:\/\/yoast.com\/product\/yoast-seo-wordpress\/ -->\n<title>Terms and Conditions - Portugal 2030<\/title>\n<meta name=\"robots\" content=\"index, follow, max-snippet:-1, max-image-preview:large, max-video-preview:-1\" \/>\n<link rel=\"canonical\" href=\"https:\/\/portugal2030.pt\/en\/terms-and-conditions\/\" \/>\n<meta property=\"og:locale\" content=\"en_US\" \/>\n<meta property=\"og:type\" content=\"article\" \/>\n<meta property=\"og:title\" content=\"Terms and Conditions - Portugal 2030\" \/>\n<meta property=\"og:description\" content=\"These terms and conditions govern the use of the Portugal 2030 website. The Portugal 2030 website and all its contents are property of Cohesion and Development Agency. The content of the Portugal 2030 website is protected by copyright and related rights, as well as by industrial property rights under Portuguese and European Union law, and [&hellip;]\" \/>\n<meta property=\"og:url\" content=\"https:\/\/portugal2030.pt\/en\/terms-and-conditions\/\" \/>\n<meta property=\"og:site_name\" content=\"Portugal 2030\" \/>\n<meta property=\"article:modified_time\" content=\"2023-11-10T16:56:04+00:00\" \/>\n<meta name=\"twitter:card\" content=\"summary_large_image\" \/>\n<meta name=\"twitter:label1\" content=\"Est. reading time\" \/>\n\t<meta name=\"twitter:data1\" content=\"2 minutes\" \/>\n<script type=\"application\/ld+json\" class=\"yoast-schema-graph\">{\"@context\":\"https:\\\/\\\/schema.org\",\"@graph\":[{\"@type\":\"WebPage\",\"@id\":\"https:\\\/\\\/portugal2030.pt\\\/en\\\/terms-and-conditions\\\/\",\"url\":\"https:\\\/\\\/portugal2030.pt\\\/en\\\/terms-and-conditions\\\/\",\"name\":\"Terms and Conditions - Portugal 2030\",\"isPartOf\":{\"@id\":\"https:\\\/\\\/portugal2030.pt\\\/#website\"},\"datePublished\":\"2023-01-25T18:51:18+00:00\",\"dateModified\":\"2023-11-10T16:56:04+00:00\",\"breadcrumb\":{\"@id\":\"https:\\\/\\\/portugal2030.pt\\\/en\\\/terms-and-conditions\\\/#breadcrumb\"},\"inLanguage\":\"en-US\",\"potentialAction\":[{\"@type\":\"ReadAction\",\"target\":[\"https:\\\/\\\/portugal2030.pt\\\/en\\\/terms-and-conditions\\\/\"]}]},{\"@type\":\"BreadcrumbList\",\"@id\":\"https:\\\/\\\/portugal2030.pt\\\/en\\\/terms-and-conditions\\\/#breadcrumb\",\"itemListElement\":[{\"@type\":\"ListItem\",\"position\":1,\"name\":\"In\u00edcio\",\"item\":\"https:\\\/\\\/portugal2030.pt\\\/en\\\/homepage\\\/\"},{\"@type\":\"ListItem\",\"position\":2,\"name\":\"Terms and Conditions\"}]},{\"@type\":\"WebSite\",\"@id\":\"https:\\\/\\\/portugal2030.pt\\\/#website\",\"url\":\"https:\\\/\\\/portugal2030.pt\\\/\",\"name\":\"Portugal 2030\",\"description\":\"O Portugal 2030 materializa o Acordo de Parceria estabelecido entre Portugal e a Comiss\u00e3o Europeia, que fixa os grandes objetivos estrat\u00e9gicos para aplica\u00e7\u00e3o, entre 2021 e 2027, do montante global de 23 mil M\u20ac.\",\"potentialAction\":[{\"@type\":\"SearchAction\",\"target\":{\"@type\":\"EntryPoint\",\"urlTemplate\":\"https:\\\/\\\/portugal2030.pt\\\/?s={search_term_string}\"},\"query-input\":{\"@type\":\"PropertyValueSpecification\",\"valueRequired\":true,\"valueName\":\"search_term_string\"}}],\"inLanguage\":\"en-US\"}]}<\/script>\n<!-- \/ Yoast SEO plugin. -->","yoast_head_json":{"title":"Terms and Conditions - Portugal 2030","robots":{"index":"index","follow":"follow","max-snippet":"max-snippet:-1","max-image-preview":"max-image-preview:large","max-video-preview":"max-video-preview:-1"},"canonical":"https:\/\/portugal2030.pt\/en\/terms-and-conditions\/","og_locale":"en_US","og_type":"article","og_title":"Terms and Conditions - Portugal 2030","og_description":"These terms and conditions govern the use of the Portugal 2030 website. The Portugal 2030 website and all its contents are property of Cohesion and Development Agency. The content of the Portugal 2030 website is protected by copyright and related rights, as well as by industrial property rights under Portuguese and European Union law, and [&hellip;]","og_url":"https:\/\/portugal2030.pt\/en\/terms-and-conditions\/","og_site_name":"Portugal 2030","article_modified_time":"2023-11-10T16:56:04+00:00","twitter_card":"summary_large_image","twitter_misc":{"Est. reading time":"2 minutes"},"schema":{"@context":"https:\/\/schema.org","@graph":[{"@type":"WebPage","@id":"https:\/\/portugal2030.pt\/en\/terms-and-conditions\/","url":"https:\/\/portugal2030.pt\/en\/terms-and-conditions\/","name":"Terms and Conditions - Portugal 2030","isPartOf":{"@id":"https:\/\/portugal2030.pt\/#website"},"datePublished":"2023-01-25T18:51:18+00:00","dateModified":"2023-11-10T16:56:04+00:00","breadcrumb":{"@id":"https:\/\/portugal2030.pt\/en\/terms-and-conditions\/#breadcrumb"},"inLanguage":"en-US","potentialAction":[{"@type":"ReadAction","target":["https:\/\/portugal2030.pt\/en\/terms-and-conditions\/"]}]},{"@type":"BreadcrumbList","@id":"https:\/\/portugal2030.pt\/en\/terms-and-conditions\/#breadcrumb","itemListElement":[{"@type":"ListItem","position":1,"name":"In\u00edcio","item":"https:\/\/portugal2030.pt\/en\/homepage\/"},{"@type":"ListItem","position":2,"name":"Terms and Conditions"}]},{"@type":"WebSite","@id":"https:\/\/portugal2030.pt\/#website","url":"https:\/\/portugal2030.pt\/","name":"Portugal 2030","description":"O Portugal 2030 materializa o Acordo de Parceria estabelecido entre Portugal e a Comiss\u00e3o Europeia, que fixa os grandes objetivos estrat\u00e9gicos para aplica\u00e7\u00e3o, entre 2021 e 2027, do montante global de 23 mil M\u20ac.","potentialAction":[{"@type":"SearchAction","target":{"@type":"EntryPoint","urlTemplate":"https:\/\/portugal2030.pt\/?s={search_term_string}"},"query-input":{"@type":"PropertyValueSpecification","valueRequired":true,"valueName":"search_term_string"}}],"inLanguage":"en-US"}]}},"_links":{"self":[{"href":"https:\/\/portugal2030.pt\/en\/wp-json\/wp\/v2\/pages\/24192","targetHints":{"allow":["GET"]}}],"collection":[{"href":"https:\/\/portugal2030.pt\/en\/wp-json\/wp\/v2\/pages"}],"about":[{"href":"https:\/\/portugal2030.pt\/en\/wp-json\/wp\/v2\/types\/page"}],"author":[{"embeddable":true,"href":"https:\/\/portugal2030.pt\/en\/wp-json\/wp\/v2\/users\/1"}],"replies":[{"embeddable":true,"href":"https:\/\/portugal2030.pt\/en\/wp-json\/wp\/v2\/comments?post=24192"}],"version-history":[{"count":1,"href":"https:\/\/portugal2030.pt\/en\/wp-json\/wp\/v2\/pages\/24192\/revisions"}],"predecessor-version":[{"id":24200,"href":"https:\/\/portugal2030.pt\/en\/wp-json\/wp\/v2\/pages\/24192\/revisions\/24200"}],"wp:attachment":[{"href":"https:\/\/portugal2030.pt\/en\/wp-json\/wp\/v2\/media?parent=24192"}],"curies":[{"name":"wp","href":"https:\/\/api.w.org\/{rel}","templated":true}]}}