{"id":24205,"date":"2023-11-06T15:02:17","date_gmt":"2023-11-06T15:02:17","guid":{"rendered":"https:\/\/portugal2030.pt\/newsletter\/newsletters-portugal-2030\/"},"modified":"2023-11-06T15:02:17","modified_gmt":"2023-11-06T15:02:17","slug":"newsletters-portugal-2030","status":"publish","type":"page","link":"https:\/\/portugal2030.pt\/en\/newsletter\/newsletters-portugal-2030\/","title":{"rendered":"Portugal 2030 Newsletters"},"content":{"rendered":"<ul>\n<li><a href=\"https:\/\/mkt.adcoesao.pt\/vl\/c2cf3611e4904ada5-12a7-0413608aa88c88441be1qe0e69aCe\" target=\"_blank\" rel=\"noopener\">NEWSLETTER N.\u00ba 8<\/a><\/li>\n<li><a href=\"https:\/\/mkt.adcoesao.pt\/vl\/f74d8363ed538-3b4d8cc19c651f10b-d1dbbb-d4e1oe0e69aCe\" target=\"_blank\" rel=\"noopener\">NEWSLETTER N.\u00ba 7<\/a><\/li>\n<li><a href=\"https:\/\/mkt.adcoesao.pt\/vl\/852f6ad2edad01dffd2c1-80b4942011ca40d82-2e1me0e69aCe\" target=\"_blank\" rel=\"noopener\">NEWSLETTER N.\u00ba 6<\/a><\/li>\n<li><a href=\"https:\/\/mkt.adcoesao.pt\/vl\/-37f174feff534d5f828791b7bd05a3b-a827252ce1he0e69aCe\" target=\"_blank\" rel=\"noopener\">NEWSLETTER N.\u00ba 5<\/a><\/li>\n<li><a href=\"https:\/\/mkt.adcoesao.pt\/vl\/5-3-3a22e9bd4664671d88c5406d49a--6d1fc061e1de0e69aCe\" target=\"_blank\" rel=\"noopener\">NEWSLETTER N.\u00ba 4<\/a><\/li>\n<li><a href=\"https:\/\/mkt.adcoesao.pt\/vl\/f-4f6095e09d96db7-a587cc835ca8fa-377376d2e19e0e69aCe\" target=\"_blank\" rel=\"noopener\">NEWSLETTER N.\u00ba 3<\/a><\/li>\n<li><a href=\"https:\/\/mkt.adcoesao.pt\/vl\/794663e88a9-083f794b08-a3f645c-68fd5b70eze0e69aCe\" target=\"_blank\" rel=\"noopener\">NEWSLETTER N.\u00ba 2<\/a><\/li>\n<li><a href=\"https:\/\/mkt.adcoesao.pt\/vl\/f2461759efc52851a74271f1-49308150275429d1exe0e69aCe\" target=\"_blank\" rel=\"noopener\">NEWSLETTER N.\u00ba 1<\/a><\/li>\n<\/ul>\n","protected":false},"excerpt":{"rendered":"<p>NEWSLETTER N.\u00ba 8 NEWSLETTER N.\u00ba 7 NEWSLETTER N.\u00ba 6 NEWSLETTER N.\u00ba 5 NEWSLETTER N.\u00ba 4 NEWSLETTER N.\u00ba 3 NEWSLETTER N.\u00ba 2 NEWSLETTER N.\u00ba 1<\/p>\n","protected":false},"author":3,"featured_media":0,"parent":24203,"menu_order":0,"comment_status":"closed","ping_status":"closed","template":"","meta":{"_acf_changed":false,"_et_pb_use_builder":"","_et_pb_old_content":"","_et_gb_content_width":"","_uf_show_specific_survey":0,"_uf_disable_surveys":false,"_crosspost_to_10":false,"_crosspost_to_13":false,"_crosspost_to_14":false,"_crosspost_to_15":false,"_crosspost_to_16":false,"_crosspost_to_17":false,"_crosspost_to_18":false,"_crosspost_to_19":false,"_crosspost_to_20":false,"iawp_total_views":217,"footnotes":""},"class_list":["post-24205","page","type-page","status-publish","hentry"],"acf":[],"aioseo_notices":[],"yoast_head":"<!-- This site is optimized with the Yoast SEO plugin v27.4 - https:\/\/yoast.com\/product\/yoast-seo-wordpress\/ -->\n<title>Portugal 2030 Newsletters - Portugal 2030<\/title>\n<meta name=\"robots\" content=\"index, follow, max-snippet:-1, max-image-preview:large, max-video-preview:-1\" \/>\n<link rel=\"canonical\" href=\"https:\/\/portugal2030.pt\/en\/newsletter\/newsletters-portugal-2030\/\" \/>\n<meta property=\"og:locale\" content=\"en_US\" \/>\n<meta property=\"og:type\" content=\"article\" \/>\n<meta property=\"og:title\" content=\"Portugal 2030 Newsletters - Portugal 2030\" \/>\n<meta property=\"og:description\" content=\"NEWSLETTER N.\u00ba 8 NEWSLETTER N.\u00ba 7 NEWSLETTER N.\u00ba 6 NEWSLETTER N.\u00ba 5 NEWSLETTER N.\u00ba 4 NEWSLETTER N.\u00ba 3 NEWSLETTER N.\u00ba 2 NEWSLETTER N.\u00ba 1\" \/>\n<meta property=\"og:url\" content=\"https:\/\/portugal2030.pt\/en\/newsletter\/newsletters-portugal-2030\/\" \/>\n<meta property=\"og:site_name\" content=\"Portugal 2030\" \/>\n<meta name=\"twitter:card\" content=\"summary_large_image\" \/>\n<script type=\"application\/ld+json\" class=\"yoast-schema-graph\">{\"@context\":\"https:\\\/\\\/schema.org\",\"@graph\":[{\"@type\":\"WebPage\",\"@id\":\"https:\\\/\\\/portugal2030.pt\\\/en\\\/newsletter\\\/newsletters-portugal-2030\\\/\",\"url\":\"https:\\\/\\\/portugal2030.pt\\\/en\\\/newsletter\\\/newsletters-portugal-2030\\\/\",\"name\":\"Portugal 2030 Newsletters - Portugal 2030\",\"isPartOf\":{\"@id\":\"https:\\\/\\\/portugal2030.pt\\\/#website\"},\"datePublished\":\"2023-11-06T15:02:17+00:00\",\"breadcrumb\":{\"@id\":\"https:\\\/\\\/portugal2030.pt\\\/en\\\/newsletter\\\/newsletters-portugal-2030\\\/#breadcrumb\"},\"inLanguage\":\"en-US\",\"potentialAction\":[{\"@type\":\"ReadAction\",\"target\":[\"https:\\\/\\\/portugal2030.pt\\\/en\\\/newsletter\\\/newsletters-portugal-2030\\\/\"]}]},{\"@type\":\"BreadcrumbList\",\"@id\":\"https:\\\/\\\/portugal2030.pt\\\/en\\\/newsletter\\\/newsletters-portugal-2030\\\/#breadcrumb\",\"itemListElement\":[{\"@type\":\"ListItem\",\"position\":1,\"name\":\"In\u00edcio\",\"item\":\"https:\\\/\\\/portugal2030.pt\\\/en\\\/homepage\\\/\"},{\"@type\":\"ListItem\",\"position\":2,\"name\":\"Newsletter\",\"item\":\"https:\\\/\\\/portugal2030.pt\\\/en\\\/newsletter\\\/\"},{\"@type\":\"ListItem\",\"position\":3,\"name\":\"Portugal 2030 Newsletters\"}]},{\"@type\":\"WebSite\",\"@id\":\"https:\\\/\\\/portugal2030.pt\\\/#website\",\"url\":\"https:\\\/\\\/portugal2030.pt\\\/\",\"name\":\"Portugal 2030\",\"description\":\"O Portugal 2030 materializa o Acordo de Parceria estabelecido entre Portugal e a Comiss\u00e3o Europeia, que fixa os grandes objetivos estrat\u00e9gicos para aplica\u00e7\u00e3o, entre 2021 e 2027, do montante global de 23 mil M\u20ac.\",\"potentialAction\":[{\"@type\":\"SearchAction\",\"target\":{\"@type\":\"EntryPoint\",\"urlTemplate\":\"https:\\\/\\\/portugal2030.pt\\\/?s={search_term_string}\"},\"query-input\":{\"@type\":\"PropertyValueSpecification\",\"valueRequired\":true,\"valueName\":\"search_term_string\"}}],\"inLanguage\":\"en-US\"}]}<\/script>\n<!-- \/ Yoast SEO plugin. -->","yoast_head_json":{"title":"Portugal 2030 Newsletters - Portugal 2030","robots":{"index":"index","follow":"follow","max-snippet":"max-snippet:-1","max-image-preview":"max-image-preview:large","max-video-preview":"max-video-preview:-1"},"canonical":"https:\/\/portugal2030.pt\/en\/newsletter\/newsletters-portugal-2030\/","og_locale":"en_US","og_type":"article","og_title":"Portugal 2030 Newsletters - Portugal 2030","og_description":"NEWSLETTER N.\u00ba 8 NEWSLETTER N.\u00ba 7 NEWSLETTER N.\u00ba 6 NEWSLETTER N.\u00ba 5 NEWSLETTER N.\u00ba 4 NEWSLETTER N.\u00ba 3 NEWSLETTER N.\u00ba 2 NEWSLETTER N.\u00ba 1","og_url":"https:\/\/portugal2030.pt\/en\/newsletter\/newsletters-portugal-2030\/","og_site_name":"Portugal 2030","twitter_card":"summary_large_image","schema":{"@context":"https:\/\/schema.org","@graph":[{"@type":"WebPage","@id":"https:\/\/portugal2030.pt\/en\/newsletter\/newsletters-portugal-2030\/","url":"https:\/\/portugal2030.pt\/en\/newsletter\/newsletters-portugal-2030\/","name":"Portugal 2030 Newsletters - Portugal 2030","isPartOf":{"@id":"https:\/\/portugal2030.pt\/#website"},"datePublished":"2023-11-06T15:02:17+00:00","breadcrumb":{"@id":"https:\/\/portugal2030.pt\/en\/newsletter\/newsletters-portugal-2030\/#breadcrumb"},"inLanguage":"en-US","potentialAction":[{"@type":"ReadAction","target":["https:\/\/portugal2030.pt\/en\/newsletter\/newsletters-portugal-2030\/"]}]},{"@type":"BreadcrumbList","@id":"https:\/\/portugal2030.pt\/en\/newsletter\/newsletters-portugal-2030\/#breadcrumb","itemListElement":[{"@type":"ListItem","position":1,"name":"In\u00edcio","item":"https:\/\/portugal2030.pt\/en\/homepage\/"},{"@type":"ListItem","position":2,"name":"Newsletter","item":"https:\/\/portugal2030.pt\/en\/newsletter\/"},{"@type":"ListItem","position":3,"name":"Portugal 2030 Newsletters"}]},{"@type":"WebSite","@id":"https:\/\/portugal2030.pt\/#website","url":"https:\/\/portugal2030.pt\/","name":"Portugal 2030","description":"O Portugal 2030 materializa o Acordo de Parceria estabelecido entre Portugal e a Comiss\u00e3o Europeia, que fixa os grandes objetivos estrat\u00e9gicos para aplica\u00e7\u00e3o, entre 2021 e 2027, do montante global de 23 mil M\u20ac.","potentialAction":[{"@type":"SearchAction","target":{"@type":"EntryPoint","urlTemplate":"https:\/\/portugal2030.pt\/?s={search_term_string}"},"query-input":{"@type":"PropertyValueSpecification","valueRequired":true,"valueName":"search_term_string"}}],"inLanguage":"en-US"}]}},"_links":{"self":[{"href":"https:\/\/portugal2030.pt\/en\/wp-json\/wp\/v2\/pages\/24205","targetHints":{"allow":["GET"]}}],"collection":[{"href":"https:\/\/portugal2030.pt\/en\/wp-json\/wp\/v2\/pages"}],"about":[{"href":"https:\/\/portugal2030.pt\/en\/wp-json\/wp\/v2\/types\/page"}],"author":[{"embeddable":true,"href":"https:\/\/portugal2030.pt\/en\/wp-json\/wp\/v2\/users\/3"}],"replies":[{"embeddable":true,"href":"https:\/\/portugal2030.pt\/en\/wp-json\/wp\/v2\/comments?post=24205"}],"version-history":[{"count":0,"href":"https:\/\/portugal2030.pt\/en\/wp-json\/wp\/v2\/pages\/24205\/revisions"}],"up":[{"embeddable":true,"href":"https:\/\/portugal2030.pt\/en\/wp-json\/wp\/v2\/pages\/24203"}],"wp:attachment":[{"href":"https:\/\/portugal2030.pt\/en\/wp-json\/wp\/v2\/media?parent=24205"}],"curies":[{"name":"wp","href":"https:\/\/api.w.org\/{rel}","templated":true}]}}