{"id":24212,"date":"2023-01-26T09:57:36","date_gmt":"2023-01-26T09:57:36","guid":{"rendered":"https:\/\/portugal2030.pt\/ligacoes-uteis\/"},"modified":"2023-11-10T16:56:05","modified_gmt":"2023-11-10T16:56:05","slug":"ligacoes-uteis","status":"publish","type":"page","link":"https:\/\/portugal2030.pt\/en\/ligacoes-uteis\/","title":{"rendered":"Useful Links"},"content":{"rendered":"<p>[et_pb_section fb_built=&#8221;1&#8243; admin_label=&#8221;Header&#8221; module_class=&#8221;about-page&#8221; _builder_version=&#8221;4.19.4&#8243; _module_preset=&#8221;default&#8221; locked=&#8221;off&#8221; collapsed=&#8221;off&#8221; global_colors_info=&#8221;{}&#8221;][et_pb_row _builder_version=&#8221;4.19.4&#8243; _module_preset=&#8221;default&#8221; collapsed=&#8221;on&#8221; global_colors_info=&#8221;{}&#8221;][et_pb_column type=&#8221;4_4&#8243; _builder_version=&#8221;4.19.2&#8243; _module_preset=&#8221;default&#8221; global_colors_info=&#8221;{}&#8221;][et_pb_post_title meta=&#8221;off&#8221; featured_image=&#8221;off&#8221; _builder_version=&#8221;4.19.4&#8243; _module_preset=&#8221;default&#8221; global_colors_info=&#8221;{}&#8221;][\/et_pb_post_title][\/et_pb_column][\/et_pb_row][et_pb_row column_structure=&#8221;2_3,1_3&#8243; use_custom_gutter=&#8221;on&#8221; gutter_width=&#8221;2&#8243; make_equal=&#8221;on&#8221; _builder_version=&#8221;4.19.4&#8243; _module_preset=&#8221;default&#8221; locked=&#8221;off&#8221; collapsed=&#8221;off&#8221; global_colors_info=&#8221;{}&#8221;][et_pb_column type=&#8221;2_3&#8243; _builder_version=&#8221;4.19.4&#8243; _module_preset=&#8221;default&#8221; global_colors_info=&#8221;{}&#8221;][et_pb_text admin_label=&#8221;Org\u00e3os de soberania&#8221; module_class=&#8221;bg-gray p-2 br-6&#8243; _builder_version=&#8221;4.19.4&#8243; _module_preset=&#8221;default&#8221; global_colors_info=&#8221;{}&#8221;]<\/p>\n<h3><strong>Sovereign Organs<\/strong><\/h3>\n<p>&nbsp;<\/p>\n<ul>\n<li><a href=\"https:\/\/www.portugal.gov.pt\/pt\/gc21\" target=\"_blank\" rel=\"noopener\">Government of Portugal<\/a><\/li>\n<li><a href=\"https:\/\/www.parlamento.pt\/\" target=\"_blank\" rel=\"noopener\">Republic Assembly<\/a><\/li>\n<li><a href=\"http:\/\/www.presidencia.pt\/\" target=\"_blank\" rel=\"noopener\">Presidency of the Republic<\/a><\/li>\n<li><a class=\"broken_link\" href=\"http:\/\/www.azores.gov.pt\/Portal\/pt\/principal\/homepage.htm\" target=\"_blank\" rel=\"noopener\">Presidency of the Regional Government of Azores<\/a><\/li>\n<li><a href=\"https:\/\/www.madeira.gov.pt\/\">Presidency of the Regional Government of Madeira<\/a><\/li>\n<\/ul>\n<p>[\/et_pb_text][et_pb_text admin_label=&#8221;Uni\u00e3o Europeia&#8221; module_class=&#8221;bg-gray p-2 br-6&#8243; _builder_version=&#8221;4.19.4&#8243; _module_preset=&#8221;default&#8221; global_colors_info=&#8221;{}&#8221;]<\/p>\n<h3 class=\"h4\"><strong>European Union<\/strong><\/h3>\n<p>&nbsp;<\/p>\n<ul>\n<li><a href=\"https:\/\/europa.eu\/european-union\/index_pt\" target=\"_blank\" rel=\"noopener\">European Union<\/a><\/li>\n<li><a href=\"https:\/\/ec.europa.eu\/commission\/index_pt\" target=\"_blank\" rel=\"noopener\">European Commission<\/a><\/li>\n<li><a href=\"https:\/\/ec.europa.eu\/regional_policy\/pt\/\" target=\"_blank\" rel=\"noopener\">DG Regional and Urban Policy <\/a><\/li>\n<li><a href=\"https:\/\/ec.europa.eu\/social\/home.jsp?langId=pt\" target=\"_blank\" rel=\"noopener\">DG Employment, Social Affairs and Inclusion<\/a><\/li>\n<li><a href=\"http:\/\/www.europarl.europa.eu\/portal\/en\" target=\"_blank\" rel=\"noopener\">European Parliament<\/a><\/li>\n<li><a href=\"https:\/\/www.consilium.europa.eu\/pt\/european-council\/\" target=\"_blank\" rel=\"noopener\">European Council<\/a><\/li>\n<li><a href=\"https:\/\/www.eca.europa.eu\/pt\/Pages\/ecadefault.aspx\" target=\"_blank\" rel=\"noopener\">European Court of Auditors<\/a><\/li>\n<li><a href=\"https:\/\/cor.europa.eu\/pt\/\" target=\"_blank\" rel=\"noopener\">European Committee of the Regions<\/a><\/li>\n<li><a href=\"https:\/\/www.eesc.europa.eu\/pt\" target=\"_blank\" rel=\"noopener\">European Economic and Social Committee<\/a><\/li>\n<li><a href=\"https:\/\/eur-lex.europa.eu\/homepage.html?locale=pt\" target=\"_blank\" rel=\"noopener\">Official Journal of the European Union<\/a><\/li>\n<li><a href=\"https:\/\/ec.europa.eu\/eures\/public\/pt\/homepage\" target=\"_blank\" rel=\"noopener\">EURES \u2013 European cooperation network of employment services<\/a><\/li>\n<li><a href=\"https:\/\/ec.europa.eu\/eurostat\/\" target=\"_blank\" rel=\"noopener\">Eurostat (statistics)<\/a><\/li>\n<\/ul>\n<p>[\/et_pb_text][et_pb_text admin_label=&#8221;Uni\u00e3o Europeia em PT&#8221; module_class=&#8221;bg-gray p-2 br-6&#8243; _builder_version=&#8221;4.21.0&#8243; _module_preset=&#8221;default&#8221; hover_enabled=&#8221;0&#8243; global_colors_info=&#8221;{}&#8221; sticky_enabled=&#8221;0&#8243;]<\/p>\n<h3 class=\"h4\"><strong>European Union in Portugal<\/strong><\/h3>\n<p>&nbsp;<\/p>\n<ul>\n<li><a href=\"https:\/\/portaldosfundoseuropeus.pt\/\" target=\"_blank\" rel=\"noopener\">European Funds Portal<\/a><\/li>\n<li><a href=\"https:\/\/ec.europa.eu\/portugal\/home_pt\" target=\"_blank\" rel=\"noopener\">Representation of the European Commission in Portugal<\/a><\/li>\n<li><a href=\"http:\/\/www.europarl.europa.eu\/portugal\/pt\/\" target=\"_blank\" rel=\"noopener\">Office of the European Parliament in Portugal<\/a><\/li>\n<li><a href=\"http:\/\/www.eurocid.pt\/pls\/wsd\/wsdwhom0.inicio\" target=\"_blank\" rel=\"noopener\">Jacques Delors European Information Centre<\/a><\/li>\n<\/ul>\n<p>[\/et_pb_text][\/et_pb_column][et_pb_column type=&#8221;1_3&#8243; _builder_version=&#8221;4.19.4&#8243; _module_preset=&#8221;default&#8221; global_colors_info=&#8221;{}&#8221;][\/et_pb_column][\/et_pb_row][\/et_pb_section]<\/p>\n","protected":false},"excerpt":{"rendered":"<p>Sovereign Organs &nbsp; Government of Portugal Republic Assembly Presidency of the Republic Presidency of the Regional Government of Azores Presidency of the Regional Government of Madeira European Union &nbsp; European Union European Commission DG Regional and Urban Policy DG Employment, Social Affairs and Inclusion European Parliament European Council European Court of Auditors European Committee of [&hellip;]<\/p>\n","protected":false},"author":1,"featured_media":0,"parent":0,"menu_order":0,"comment_status":"closed","ping_status":"closed","template":"","meta":{"_acf_changed":false,"_et_pb_use_builder":"on","_et_pb_old_content":"","_et_gb_content_width":"","_uf_show_specific_survey":0,"_uf_disable_surveys":false,"_crosspost_to_10":false,"_crosspost_to_13":false,"_crosspost_to_14":false,"_crosspost_to_15":false,"_crosspost_to_16":false,"_crosspost_to_17":false,"_crosspost_to_18":false,"_crosspost_to_19":false,"_crosspost_to_20":false,"iawp_total_views":140,"footnotes":""},"class_list":["post-24212","page","type-page","status-publish","hentry"],"acf":[],"aioseo_notices":[],"yoast_head":"<!-- This site is optimized with the Yoast SEO plugin v27.0 - https:\/\/yoast.com\/product\/yoast-seo-wordpress\/ -->\n<title>Useful Links - Portugal 2030<\/title>\n<meta name=\"description\" content=\"Links to websites of national and european bodies related to the activity of Portugal 2030\" \/>\n<meta name=\"robots\" content=\"index, follow, max-snippet:-1, max-image-preview:large, max-video-preview:-1\" \/>\n<link rel=\"canonical\" href=\"https:\/\/portugal2030.pt\/en\/ligacoes-uteis\/\" \/>\n<meta property=\"og:locale\" content=\"en_US\" \/>\n<meta property=\"og:type\" content=\"article\" \/>\n<meta property=\"og:title\" content=\"Useful Links - Portugal 2030\" \/>\n<meta property=\"og:description\" content=\"Links to websites of national and european bodies related to the activity of Portugal 2030\" \/>\n<meta property=\"og:url\" content=\"https:\/\/portugal2030.pt\/en\/ligacoes-uteis\/\" \/>\n<meta property=\"og:site_name\" content=\"Portugal 2030\" \/>\n<meta property=\"article:modified_time\" content=\"2023-11-10T16:56:05+00:00\" \/>\n<meta name=\"twitter:card\" content=\"summary_large_image\" \/>\n<meta name=\"twitter:label1\" content=\"Est. reading time\" \/>\n\t<meta name=\"twitter:data1\" content=\"2 minutes\" \/>\n<script type=\"application\/ld+json\" class=\"yoast-schema-graph\">{\"@context\":\"https:\/\/schema.org\",\"@graph\":[{\"@type\":\"WebPage\",\"@id\":\"https:\/\/portugal2030.pt\/en\/ligacoes-uteis\/\",\"url\":\"https:\/\/portugal2030.pt\/en\/ligacoes-uteis\/\",\"name\":\"Useful Links - Portugal 2030\",\"isPartOf\":{\"@id\":\"https:\/\/portugal2030.pt\/#website\"},\"datePublished\":\"2023-01-26T09:57:36+00:00\",\"dateModified\":\"2023-11-10T16:56:05+00:00\",\"description\":\"Links to websites of national and european bodies related to the activity of Portugal 2030\",\"breadcrumb\":{\"@id\":\"https:\/\/portugal2030.pt\/en\/ligacoes-uteis\/#breadcrumb\"},\"inLanguage\":\"en-US\",\"potentialAction\":[{\"@type\":\"ReadAction\",\"target\":[\"https:\/\/portugal2030.pt\/en\/ligacoes-uteis\/\"]}]},{\"@type\":\"BreadcrumbList\",\"@id\":\"https:\/\/portugal2030.pt\/en\/ligacoes-uteis\/#breadcrumb\",\"itemListElement\":[{\"@type\":\"ListItem\",\"position\":1,\"name\":\"In\u00edcio\",\"item\":\"https:\/\/portugal2030.pt\/en\/homepage\/\"},{\"@type\":\"ListItem\",\"position\":2,\"name\":\"Useful Links\"}]},{\"@type\":\"WebSite\",\"@id\":\"https:\/\/portugal2030.pt\/#website\",\"url\":\"https:\/\/portugal2030.pt\/\",\"name\":\"Portugal 2030\",\"description\":\"O Portugal 2030 materializa o Acordo de Parceria estabelecido entre Portugal e a Comiss\u00e3o Europeia, que fixa os grandes objetivos estrat\u00e9gicos para aplica\u00e7\u00e3o, entre 2021 e 2027, do montante global de 23 mil M\u20ac.\",\"potentialAction\":[{\"@type\":\"SearchAction\",\"target\":{\"@type\":\"EntryPoint\",\"urlTemplate\":\"https:\/\/portugal2030.pt\/?s={search_term_string}\"},\"query-input\":{\"@type\":\"PropertyValueSpecification\",\"valueRequired\":true,\"valueName\":\"search_term_string\"}}],\"inLanguage\":\"en-US\"}]}<\/script>\n<!-- \/ Yoast SEO plugin. -->","yoast_head_json":{"title":"Useful Links - Portugal 2030","description":"Links to websites of national and european bodies related to the activity of Portugal 2030","robots":{"index":"index","follow":"follow","max-snippet":"max-snippet:-1","max-image-preview":"max-image-preview:large","max-video-preview":"max-video-preview:-1"},"canonical":"https:\/\/portugal2030.pt\/en\/ligacoes-uteis\/","og_locale":"en_US","og_type":"article","og_title":"Useful Links - Portugal 2030","og_description":"Links to websites of national and european bodies related to the activity of Portugal 2030","og_url":"https:\/\/portugal2030.pt\/en\/ligacoes-uteis\/","og_site_name":"Portugal 2030","article_modified_time":"2023-11-10T16:56:05+00:00","twitter_card":"summary_large_image","twitter_misc":{"Est. reading time":"2 minutes"},"schema":{"@context":"https:\/\/schema.org","@graph":[{"@type":"WebPage","@id":"https:\/\/portugal2030.pt\/en\/ligacoes-uteis\/","url":"https:\/\/portugal2030.pt\/en\/ligacoes-uteis\/","name":"Useful Links - Portugal 2030","isPartOf":{"@id":"https:\/\/portugal2030.pt\/#website"},"datePublished":"2023-01-26T09:57:36+00:00","dateModified":"2023-11-10T16:56:05+00:00","description":"Links to websites of national and european bodies related to the activity of Portugal 2030","breadcrumb":{"@id":"https:\/\/portugal2030.pt\/en\/ligacoes-uteis\/#breadcrumb"},"inLanguage":"en-US","potentialAction":[{"@type":"ReadAction","target":["https:\/\/portugal2030.pt\/en\/ligacoes-uteis\/"]}]},{"@type":"BreadcrumbList","@id":"https:\/\/portugal2030.pt\/en\/ligacoes-uteis\/#breadcrumb","itemListElement":[{"@type":"ListItem","position":1,"name":"In\u00edcio","item":"https:\/\/portugal2030.pt\/en\/homepage\/"},{"@type":"ListItem","position":2,"name":"Useful Links"}]},{"@type":"WebSite","@id":"https:\/\/portugal2030.pt\/#website","url":"https:\/\/portugal2030.pt\/","name":"Portugal 2030","description":"O Portugal 2030 materializa o Acordo de Parceria estabelecido entre Portugal e a Comiss\u00e3o Europeia, que fixa os grandes objetivos estrat\u00e9gicos para aplica\u00e7\u00e3o, entre 2021 e 2027, do montante global de 23 mil M\u20ac.","potentialAction":[{"@type":"SearchAction","target":{"@type":"EntryPoint","urlTemplate":"https:\/\/portugal2030.pt\/?s={search_term_string}"},"query-input":{"@type":"PropertyValueSpecification","valueRequired":true,"valueName":"search_term_string"}}],"inLanguage":"en-US"}]}},"_links":{"self":[{"href":"https:\/\/portugal2030.pt\/en\/wp-json\/wp\/v2\/pages\/24212","targetHints":{"allow":["GET"]}}],"collection":[{"href":"https:\/\/portugal2030.pt\/en\/wp-json\/wp\/v2\/pages"}],"about":[{"href":"https:\/\/portugal2030.pt\/en\/wp-json\/wp\/v2\/types\/page"}],"author":[{"embeddable":true,"href":"https:\/\/portugal2030.pt\/en\/wp-json\/wp\/v2\/users\/1"}],"replies":[{"embeddable":true,"href":"https:\/\/portugal2030.pt\/en\/wp-json\/wp\/v2\/comments?post=24212"}],"version-history":[{"count":1,"href":"https:\/\/portugal2030.pt\/en\/wp-json\/wp\/v2\/pages\/24212\/revisions"}],"predecessor-version":[{"id":24218,"href":"https:\/\/portugal2030.pt\/en\/wp-json\/wp\/v2\/pages\/24212\/revisions\/24218"}],"wp:attachment":[{"href":"https:\/\/portugal2030.pt\/en\/wp-json\/wp\/v2\/media?parent=24212"}],"curies":[{"name":"wp","href":"https:\/\/api.w.org\/{rel}","templated":true}]}}