{"id":24213,"date":"2023-07-19T15:32:00","date_gmt":"2023-07-19T14:32:00","guid":{"rendered":"https:\/\/portugal2030.pt\/results-pt2030\/"},"modified":"2023-11-28T16:37:10","modified_gmt":"2023-11-28T16:37:10","slug":"results-pt2030","status":"publish","type":"page","link":"https:\/\/portugal2030.pt\/en\/results-pt2030\/","title":{"rendered":"Results"},"content":{"rendered":"<p>[et_pb_section fb_built=&#8221;1&#8243; admin_label=&#8221;Header&#8221; module_class=&#8221;bg-pt2030&#8243; _builder_version=&#8221;4.19.4&#8243; _module_preset=&#8221;default&#8221; locked=&#8221;on&#8221; collapsed=&#8221;on&#8221; global_colors_info=&#8221;{}&#8221;][et_pb_row _builder_version=&#8221;4.19.2&#8243; _module_preset=&#8221;default&#8221; collapsed=&#8221;off&#8221; global_colors_info=&#8221;{}&#8221;][et_pb_column type=&#8221;4_4&#8243; _builder_version=&#8221;4.19.2&#8243; _module_preset=&#8221;default&#8221; global_colors_info=&#8221;{}&#8221;][et_pb_post_title meta=&#8221;off&#8221; featured_image=&#8221;off&#8221; _builder_version=&#8221;4.19.2&#8243; _module_preset=&#8221;default&#8221; global_colors_info=&#8221;{}&#8221;][\/et_pb_post_title][\/et_pb_column][\/et_pb_row][\/et_pb_section][et_pb_section fb_built=&#8221;1&#8243; admin_label=&#8221;iframe&#8221; _builder_version=&#8221;4.21.0&#8243; _module_preset=&#8221;default&#8221; locked=&#8221;off&#8221; collapsed=&#8221;off&#8221; global_colors_info=&#8221;{}&#8221;][et_pb_row _builder_version=&#8221;4.19.2&#8243; _module_preset=&#8221;default&#8221; global_colors_info=&#8221;{}&#8221;][et_pb_column type=&#8221;4_4&#8243; _builder_version=&#8221;4.19.2&#8243; _module_preset=&#8221;default&#8221; global_colors_info=&#8221;{}&#8221;][et_pb_code raw_content_last_edited=&#8221;off|desktop&#8221; admin_label=&#8221;Codigo do iframe&#8221; _builder_version=&#8221;4.23.1&#8243; _module_preset=&#8221;default&#8221; hover_enabled=&#8221;0&#8243; global_colors_info=&#8221;{}&#8221; raw_content__hover_enabled=&#8221;off|desktop&#8221; sticky_enabled=&#8221;0&#8243;]\n<!-- iframe plugin v.6.0 wordpress.org\/plugins\/iframe\/ -->\n<iframe loading=\"lazy\" src=\"https:\/\/e.infogram.com\/16049ea8-9d01-489d-a4a4-f79399421477?src=embed\" title=\"05:Boletim-mensal-do-PT2030_outubro23\" width=\"1199\" height=\"8254\" scrolling=\"no\" frameborder=\"0\" style=\"border:none;\" allowfullscreen=\"allowfullscreen\" class=\"iframe-class\"><\/iframe>\n[\/et_pb_code][\/et_pb_column][\/et_pb_row][et_pb_row _builder_version=&#8221;4.19.2&#8243; _module_preset=&#8221;default&#8221; global_colors_info=&#8221;{}&#8221;][et_pb_column type=&#8221;4_4&#8243; _builder_version=&#8221;4.19.2&#8243; _module_preset=&#8221;default&#8221; global_colors_info=&#8221;{}&#8221;][et_pb_text admin_label=&#8221;link&#8221; _builder_version=&#8221;4.22.2&#8243; _module_preset=&#8221;default&#8221; global_colors_info=&#8221;{}&#8221;][\/et_pb_text][\/et_pb_column][\/et_pb_row][\/et_pb_section]<\/p>\n","protected":false},"excerpt":{"rendered":"\n<!-- iframe plugin v.6.0 wordpress.org\/plugins\/iframe\/ -->\n<iframe loading=\"lazy\" src=\"https:\/\/e.infogram.com\/16049ea8-9d01-489d-a4a4-f79399421477?src=embed\" title=\"05:Boletim-mensal-do-PT2030_outubro23\" width=\"1199\" height=\"8254\" scrolling=\"no\" frameborder=\"0\" style=\"border:none;\" allowfullscreen=\"allowfullscreen\" class=\"iframe-class\"><\/iframe>\n\n","protected":false},"author":1,"featured_media":0,"parent":0,"menu_order":0,"comment_status":"closed","ping_status":"closed","template":"","meta":{"_acf_changed":false,"_et_pb_use_builder":"on","_et_pb_old_content":"","_et_gb_content_width":"","_uf_show_specific_survey":0,"_uf_disable_surveys":false,"_crosspost_to_10":false,"_crosspost_to_13":false,"_crosspost_to_14":false,"_crosspost_to_15":false,"_crosspost_to_16":false,"_crosspost_to_17":false,"_crosspost_to_18":false,"_crosspost_to_19":false,"_crosspost_to_20":false,"iawp_total_views":545,"footnotes":""},"class_list":["post-24213","page","type-page","status-publish","hentry"],"acf":[],"aioseo_notices":[],"yoast_head":"<!-- This site is optimized with the Yoast SEO plugin v27.4 - https:\/\/yoast.com\/product\/yoast-seo-wordpress\/ -->\n<title>Results - Portugal 2030<\/title>\n<meta name=\"robots\" content=\"index, follow, max-snippet:-1, max-image-preview:large, max-video-preview:-1\" \/>\n<link rel=\"canonical\" href=\"https:\/\/portugal2030.pt\/en\/results-pt2030\/\" \/>\n<meta property=\"og:locale\" content=\"en_US\" \/>\n<meta property=\"og:type\" content=\"article\" \/>\n<meta property=\"og:title\" content=\"Results - Portugal 2030\" \/>\n<meta property=\"og:url\" content=\"https:\/\/portugal2030.pt\/en\/results-pt2030\/\" \/>\n<meta property=\"og:site_name\" content=\"Portugal 2030\" \/>\n<meta property=\"article:modified_time\" content=\"2023-11-28T16:37:10+00:00\" \/>\n<meta name=\"twitter:card\" content=\"summary_large_image\" \/>\n<meta name=\"twitter:description\" content=\"[iframe src=&quot;https:\/\/e.infogram.com\/16049ea8-9d01-489d-a4a4-f79399421477?src=embed&quot; title=&quot;05:Boletim-mensal-do-PT2030_outubro23&quot; width=&quot;1199&quot; height=&quot;8254&quot; scrolling=&quot;no&quot; frameborder=&quot;0&quot; style=&quot;border:none;&quot; allowfullscreen=&quot;allowfullscreen&quot;]\" \/>\n<meta name=\"twitter:label1\" content=\"Est. reading time\" \/>\n\t<meta name=\"twitter:data1\" content=\"1 minute\" \/>\n<script type=\"application\/ld+json\" class=\"yoast-schema-graph\">{\"@context\":\"https:\\\/\\\/schema.org\",\"@graph\":[{\"@type\":\"WebPage\",\"@id\":\"https:\\\/\\\/portugal2030.pt\\\/en\\\/results-pt2030\\\/\",\"url\":\"https:\\\/\\\/portugal2030.pt\\\/en\\\/results-pt2030\\\/\",\"name\":\"Results - Portugal 2030\",\"isPartOf\":{\"@id\":\"https:\\\/\\\/portugal2030.pt\\\/#website\"},\"datePublished\":\"2023-07-19T14:32:00+00:00\",\"dateModified\":\"2023-11-28T16:37:10+00:00\",\"breadcrumb\":{\"@id\":\"https:\\\/\\\/portugal2030.pt\\\/en\\\/results-pt2030\\\/#breadcrumb\"},\"inLanguage\":\"en-US\",\"potentialAction\":[{\"@type\":\"ReadAction\",\"target\":[\"https:\\\/\\\/portugal2030.pt\\\/en\\\/results-pt2030\\\/\"]}]},{\"@type\":\"BreadcrumbList\",\"@id\":\"https:\\\/\\\/portugal2030.pt\\\/en\\\/results-pt2030\\\/#breadcrumb\",\"itemListElement\":[{\"@type\":\"ListItem\",\"position\":1,\"name\":\"In\u00edcio\",\"item\":\"https:\\\/\\\/portugal2030.pt\\\/en\\\/homepage\\\/\"},{\"@type\":\"ListItem\",\"position\":2,\"name\":\"Results\"}]},{\"@type\":\"WebSite\",\"@id\":\"https:\\\/\\\/portugal2030.pt\\\/#website\",\"url\":\"https:\\\/\\\/portugal2030.pt\\\/\",\"name\":\"Portugal 2030\",\"description\":\"O Portugal 2030 materializa o Acordo de Parceria estabelecido entre Portugal e a Comiss\u00e3o Europeia, que fixa os grandes objetivos estrat\u00e9gicos para aplica\u00e7\u00e3o, entre 2021 e 2027, do montante global de 23 mil M\u20ac.\",\"potentialAction\":[{\"@type\":\"SearchAction\",\"target\":{\"@type\":\"EntryPoint\",\"urlTemplate\":\"https:\\\/\\\/portugal2030.pt\\\/?s={search_term_string}\"},\"query-input\":{\"@type\":\"PropertyValueSpecification\",\"valueRequired\":true,\"valueName\":\"search_term_string\"}}],\"inLanguage\":\"en-US\"}]}<\/script>\n<!-- \/ Yoast SEO plugin. -->","yoast_head_json":{"title":"Results - Portugal 2030","robots":{"index":"index","follow":"follow","max-snippet":"max-snippet:-1","max-image-preview":"max-image-preview:large","max-video-preview":"max-video-preview:-1"},"canonical":"https:\/\/portugal2030.pt\/en\/results-pt2030\/","og_locale":"en_US","og_type":"article","og_title":"Results - Portugal 2030","og_url":"https:\/\/portugal2030.pt\/en\/results-pt2030\/","og_site_name":"Portugal 2030","article_modified_time":"2023-11-28T16:37:10+00:00","twitter_card":"summary_large_image","twitter_description":"[iframe src=\"https:\/\/e.infogram.com\/16049ea8-9d01-489d-a4a4-f79399421477?src=embed\" title=\"05:Boletim-mensal-do-PT2030_outubro23\" width=\"1199\" height=\"8254\" scrolling=\"no\" frameborder=\"0\" style=\"border:none;\" allowfullscreen=\"allowfullscreen\"]","twitter_misc":{"Est. reading time":"1 minute"},"schema":{"@context":"https:\/\/schema.org","@graph":[{"@type":"WebPage","@id":"https:\/\/portugal2030.pt\/en\/results-pt2030\/","url":"https:\/\/portugal2030.pt\/en\/results-pt2030\/","name":"Results - Portugal 2030","isPartOf":{"@id":"https:\/\/portugal2030.pt\/#website"},"datePublished":"2023-07-19T14:32:00+00:00","dateModified":"2023-11-28T16:37:10+00:00","breadcrumb":{"@id":"https:\/\/portugal2030.pt\/en\/results-pt2030\/#breadcrumb"},"inLanguage":"en-US","potentialAction":[{"@type":"ReadAction","target":["https:\/\/portugal2030.pt\/en\/results-pt2030\/"]}]},{"@type":"BreadcrumbList","@id":"https:\/\/portugal2030.pt\/en\/results-pt2030\/#breadcrumb","itemListElement":[{"@type":"ListItem","position":1,"name":"In\u00edcio","item":"https:\/\/portugal2030.pt\/en\/homepage\/"},{"@type":"ListItem","position":2,"name":"Results"}]},{"@type":"WebSite","@id":"https:\/\/portugal2030.pt\/#website","url":"https:\/\/portugal2030.pt\/","name":"Portugal 2030","description":"O Portugal 2030 materializa o Acordo de Parceria estabelecido entre Portugal e a Comiss\u00e3o Europeia, que fixa os grandes objetivos estrat\u00e9gicos para aplica\u00e7\u00e3o, entre 2021 e 2027, do montante global de 23 mil M\u20ac.","potentialAction":[{"@type":"SearchAction","target":{"@type":"EntryPoint","urlTemplate":"https:\/\/portugal2030.pt\/?s={search_term_string}"},"query-input":{"@type":"PropertyValueSpecification","valueRequired":true,"valueName":"search_term_string"}}],"inLanguage":"en-US"}]}},"_links":{"self":[{"href":"https:\/\/portugal2030.pt\/en\/wp-json\/wp\/v2\/pages\/24213","targetHints":{"allow":["GET"]}}],"collection":[{"href":"https:\/\/portugal2030.pt\/en\/wp-json\/wp\/v2\/pages"}],"about":[{"href":"https:\/\/portugal2030.pt\/en\/wp-json\/wp\/v2\/types\/page"}],"author":[{"embeddable":true,"href":"https:\/\/portugal2030.pt\/en\/wp-json\/wp\/v2\/users\/1"}],"replies":[{"embeddable":true,"href":"https:\/\/portugal2030.pt\/en\/wp-json\/wp\/v2\/comments?post=24213"}],"version-history":[{"count":8,"href":"https:\/\/portugal2030.pt\/en\/wp-json\/wp\/v2\/pages\/24213\/revisions"}],"predecessor-version":[{"id":24801,"href":"https:\/\/portugal2030.pt\/en\/wp-json\/wp\/v2\/pages\/24213\/revisions\/24801"}],"wp:attachment":[{"href":"https:\/\/portugal2030.pt\/en\/wp-json\/wp\/v2\/media?parent=24213"}],"curies":[{"name":"wp","href":"https:\/\/api.w.org\/{rel}","templated":true}]}}