{"id":24806,"date":"2023-04-14T12:13:06","date_gmt":"2023-04-14T11:13:06","guid":{"rendered":"https:\/\/portugal2030.pt\/documentos-e-recursos\/"},"modified":"2023-11-28T16:37:29","modified_gmt":"2023-11-28T16:37:29","slug":"documentos-e-recursos","status":"publish","type":"page","link":"https:\/\/portugal2030.pt\/en\/documentos-e-recursos\/","title":{"rendered":"Documents and resources"},"content":{"rendered":"<p>[et_pb_section fb_built=&#8221;1&#8243; admin_label=&#8221;Header&#8221; module_class=&#8221;bg-pt2030&#8243; _builder_version=&#8221;4.19.4&#8243; _module_preset=&#8221;default&#8221; locked=&#8221;off&#8221; collapsed=&#8221;off&#8221; global_colors_info=&#8221;{}&#8221;][et_pb_row _builder_version=&#8221;4.19.2&#8243; _module_preset=&#8221;default&#8221; collapsed=&#8221;off&#8221; global_colors_info=&#8221;{}&#8221;][et_pb_column type=&#8221;4_4&#8243; _builder_version=&#8221;4.19.2&#8243; _module_preset=&#8221;default&#8221; global_colors_info=&#8221;{}&#8221;][et_pb_post_title meta=&#8221;off&#8221; featured_image=&#8221;off&#8221; _builder_version=&#8221;4.19.2&#8243; _module_preset=&#8221;default&#8221; global_colors_info=&#8221;{}&#8221;][\/et_pb_post_title][\/et_pb_column][\/et_pb_row][\/et_pb_section][et_pb_section fb_built=&#8221;1&#8243; admin_label=&#8221;Documentos e Recursos&#8221; module_id=&#8221;resources&#8221; _builder_version=&#8221;4.19.4&#8243; _module_preset=&#8221;default&#8221; background_color=&#8221;#edf0f3&#8243; background_enable_color=&#8221;on&#8221; locked=&#8221;off&#8221; collapsed=&#8221;off&#8221; global_colors_info=&#8221;{}&#8221;][et_pb_row column_structure=&#8221;1_2,1_2&#8243; admin_label=&#8221;Global values&#8221; _builder_version=&#8221;4.16&#8243; _module_preset=&#8221;default&#8221; collapsed=&#8221;off&#8221; global_colors_info=&#8221;{}&#8221;][et_pb_column type=&#8221;1_2&#8243; _builder_version=&#8221;4.16&#8243; _module_preset=&#8221;default&#8221; global_colors_info=&#8221;{}&#8221;][et_pb_text admin_label=&#8221;Acordo de Parceria&#8221; _builder_version=&#8221;4.19.5&#8243; _module_preset=&#8221;default&#8221; global_colors_info=&#8221;{}&#8221;]<\/p>\n<h3><strong>Partnership agreement<\/strong><\/h3>\n<p><a href=\"https:\/\/portugal2030.pt\/wp-content\/uploads\/sites\/3\/2022\/07\/sfc2021-PA-2021PT16FFPA001-2.0_vf.pdf\" target=\"_blank\" rel=\"attachment noopener wp-att-5033\">Final version of the Partnership Agreement<\/a><\/p>\n<p><a href=\"https:\/\/portugal2030.pt\/wp-content\/uploads\/sites\/3\/2022\/05\/20220304_APPortugal2030_vs-detalhada_SUBM.pdf\" target=\"_blank\" rel=\"noopener\">Draft version of the Partnership Agreement_mar2022<\/a><\/p>\n<p><a href=\"https:\/\/portugal2030.pt\/wp-content\/uploads\/sites\/3\/2022\/05\/Portugal2030_SFC_submetido.pdf\" target=\"_blank\" rel=\"noopener\">Draft version of the Partnership Agreement &#8211; short version_mar22<\/a><\/p>\n<p><a href=\"https:\/\/portugal2030.pt\/wp-content\/uploads\/sites\/3\/2021\/11\/20211115-APPortugal2030-draft_vs-Consulta.docx.pdf\" target=\"_blank\" rel=\"noopener\">Draft version of the Partnership Agreement_nov2021<\/a><\/p>\n<p><a href=\"https:\/\/portugal2030.pt\/wp-content\/uploads\/sites\/3\/2021\/11\/20211115_Portugal-2030_sintese.pdf\" target=\"_blank\" rel=\"noopener\">Draft version of the Partnership Agreement &#8211; short version_nov2021<\/a><\/p>\n<p>[\/et_pb_text][et_pb_text admin_label=&#8221;Condi\u00e7\u00f5es Habilitadoras&#8221; _builder_version=&#8221;4.19.2&#8243; _module_preset=&#8221;default&#8221; global_colors_info=&#8221;{}&#8221;]<\/p>\n<h3><strong>Enabling conditions<\/strong><\/h3>\n<p> <a href=\"https:\/\/portugal2030.pt\/wp-content\/uploads\/sites\/3\/2022\/06\/20220623_ENEI_VF_Pub.pdf\" target=\"_blank\" rel=\"noopener\">ENEI 2030 \u2013 National Strategy for Smart Specialisation 2030<\/a><\/p>\n<p><a href=\"https:\/\/portugal2030.pt\/wp-content\/uploads\/sites\/3\/2022\/06\/Despacho_ENEI.pdf\" target=\"_blank\" rel=\"noopener\">Dispatch ENEI 2030<\/a><\/p>\n<p>[\/et_pb_text][et_pb_text admin_label=&#8221;Elementos de Enquadramento&#8221; _builder_version=&#8221;4.22.1&#8243; _module_preset=&#8221;default&#8221; global_colors_info=&#8221;{}&#8221;]<\/p>\n<h3><strong>Framing elements<\/strong><\/h3>\n<p><a href=\"https:\/\/portugal2030.pt\/wp-content\/uploads\/sites\/3\/2021\/11\/RCM98_2020.pdf\" target=\"_blank\" rel=\"noopener\">Portugal 2030 Strategy (RCM n.\u00ba 98\/2020)<\/a><\/p>\n<p><a href=\"https:\/\/portugal2030.pt\/wp-content\/uploads\/sites\/3\/2021\/11\/RCM97_2020.pdf\" target=\"_blank\" rel=\"noopener\">Guiding Principles and Operational Structure of Portugal 2030 (RCM n.\u00ba 97\/2020)<\/a><\/p>\n<p><a href=\"https:\/\/eur-lex.europa.eu\/legal-content\/PT\/TXT\/?uri=OJ:L:2021:231:TOC\" target=\"_blank\" rel=\"noopener\">European Regulations<\/a><\/p>\n<p><a href=\"https:\/\/portugal2030.pt\/wp-content\/uploads\/sites\/3\/2023\/02\/Estrategia-Regional-Norte-2030.pdf\" target=\"_blank\" rel=\"attachment noopener wp-att-11661\">Regional Strategy North 2030<\/a><\/p>\n<p><a href=\"https:\/\/portugal2030.pt\/wp-content\/uploads\/sites\/3\/2023\/02\/Estrategia-Regional-Centro-2030.pdf\" target=\"_blank\" rel=\"attachment noopener wp-att-11662\">Regional Strategy Centre 2030<\/a><\/p>\n<p><a href=\"https:\/\/portugal2030.pt\/wp-content\/uploads\/sites\/3\/2023\/02\/Estrategia-Regional-Lisboa-2030.pdf\" target=\"_blank\" rel=\"attachment noopener wp-att-11663\">Regional Strategy Lisbon 2030<\/a><\/p>\n<p><a href=\"https:\/\/portugal2030.pt\/wp-content\/uploads\/sites\/3\/2023\/02\/Estrategia-Regional-Alentejo-2030.pdf\" target=\"_blank\" rel=\"attachment noopener wp-att-11664\">Regional Strategy Alentejo 2030<\/a><\/p>\n<p><a href=\"https:\/\/portugal2030.pt\/wp-content\/uploads\/sites\/3\/2023\/02\/Estrategia-Regional-Algarve-2030.pdf\" target=\"_blank\" rel=\"attachment noopener wp-att-11665\">Regional Strategy Algarve 2030<\/a><\/p>\n<p><a href=\"https:\/\/portugal2020.pt\/resultados\/monitorizacao\/\" target=\"_blank\" rel=\"noopener\">Portugal 2020 \u2013 Monitoring<\/a><\/p>\n<p><a href=\"https:\/\/portugal2020.pt\/resultados\/avaliacao\/\" target=\"_blank\" rel=\"noopener\">Portugal 2020 \u2013 Evaluation<\/a><\/p>\n<p><a href=\"https:\/\/transparencia.gov.pt\/fundos-europeus\/tema\/\" target=\"_blank\" rel=\"noopener\">&#8216;Mais Transpar\u00eancia&#8217; Portal<\/a><\/p>\n<p><a href=\"https:\/\/www.adcoesao.pt\/content\/encerrado-ciclo-de-webinars-2021-fundos-europeus-resultados-e-desafios\" target=\"_blank\" rel=\"noopener\">Ciclo de Webinars \u201cFundos Europeus: Resultados e Desafios\u201d<\/a><\/p>\n<p>[\/et_pb_text][\/et_pb_column][et_pb_column type=&#8221;1_2&#8243; _builder_version=&#8221;4.16&#8243; _module_preset=&#8221;default&#8221; global_colors_info=&#8221;{}&#8221;][et_pb_text admin_label=&#8221;Programas&#8221; _builder_version=&#8221;4.22.1&#8243; _module_preset=&#8221;default&#8221; global_colors_info=&#8221;{}&#8221;]<\/p>\n<h3><strong>Programmes<\/strong><\/h3>\n<p><a href=\"https:\/\/portugal2030.pt\/wp-content\/uploads\/sites\/3\/2022\/12\/sfc2021-PRG-2021PT16SFPR001-1.2_PDQI.pdf\" target=\"_blank\" rel=\"noopener\">PESSOAS 2030<\/a><\/p>\n<p><a href=\"https:\/\/portugal2030.pt\/wp-content\/uploads\/sites\/3\/2022\/12\/sfc2021-PRG-2021PT16FFPR009-1.2_PITD.pdf\" target=\"_blank\" rel=\"noopener\">COMPETE 2030<\/a><\/p>\n<p><a href=\"https:\/\/portugal2030.pt\/wp-content\/uploads\/sites\/3\/2022\/12\/sfc2021-PRG-2021PT16CFPR001-1.3_PACS.pdf\" target=\"_blank\" rel=\"noopener\">Sustent\u00e1vel 2030<\/a><\/p>\n<p><a href=\"https:\/\/portugal2030.pt\/wp-content\/uploads\/sites\/3\/2022\/12\/sfc2021-PRG-2021PT14MFPR001-1.2_PMAR2030.pdf\" target=\"_blank\" rel=\"noopener\">Mar 2030<\/a><\/p>\n<p><a href=\"https:\/\/portugal2030.pt\/wp-content\/uploads\/sites\/3\/2022\/12\/sfc2021-PRG-2021PT16FFPR003-1.2_PRNorte.pdf\" target=\"_blank\" rel=\"noopener\">Norte 2030<\/a><\/p>\n<p><a href=\"https:\/\/portugal2030.pt\/wp-content\/uploads\/sites\/3\/2022\/12\/sfc2021-PRG-2021PT16FFPR004-1.2_PR_Centro.pdf\" target=\"_blank\" rel=\"noopener\">Centro 2030<\/a><\/p>\n<p><a href=\"https:\/\/portugal2030.pt\/wp-content\/uploads\/sites\/3\/2022\/12\/sfc2021-PRG-2021PT16FFPR006-1.2_PR_Lisboa.pdf\">Lisboa 2030<\/a><\/p>\n<p><a href=\"https:\/\/portugal2030.pt\/wp-content\/uploads\/sites\/3\/2022\/12\/sfc2021-PRG-2021PT16FFPR005-1.2_PR_Alentejo.pdf\" target=\"_blank\" rel=\"noopener\">Alentejo 2030<\/a><\/p>\n<p><a href=\"https:\/\/portugal2030.pt\/wp-content\/uploads\/sites\/3\/2022\/12\/sfc2021-PRG-2021PT16FFPR007-1.2_PR_Algarve.pdf\" target=\"_blank\" rel=\"noopener\">Algarve 2030<\/a><\/p>\n<p><a href=\"https:\/\/portugal2030.pt\/wp-content\/uploads\/sites\/3\/2022\/12\/sfc2021-PRG-2021PT16FFPR002-1.2_PR_Acores.pdf\" target=\"_blank\" rel=\"noopener\">A\u00e7ores 2030<\/a><\/p>\n<p><a href=\"https:\/\/portugal2030.pt\/wp-content\/uploads\/sites\/3\/2022\/12\/sfc2021-PRG-2021PT16FFPR001-1.2_PR_Madeira.pdf\" target=\"_blank\" rel=\"noopener\">Madeira 2030<\/a><\/p>\n<p><a href=\"https:\/\/portugal2030.pt\/wp-content\/uploads\/sites\/3\/2022\/12\/CTE_2021-2017.zip\">European Territorial Cooperation<\/a><\/p>\n<p><a href=\"https:\/\/portugal2030.pt\/wp-content\/uploads\/sites\/3\/2022\/12\/sfc2021-PRG-2021PT16RFTA001-1.3_PAT.pdf\" target=\"_blank\" rel=\"noopener\">Technical Assistance 2030<\/a><\/p>\n<p>[\/et_pb_text][et_pb_text admin_label=&#8221;Planos Globais&#8221; _builder_version=&#8221;4.23.1&#8243; _module_preset=&#8221;default&#8221; hover_enabled=&#8221;0&#8243; global_colors_info=&#8221;{}&#8221; sticky_enabled=&#8221;0&#8243;]<\/p>\n<h3><strong>Global Plans<\/strong><\/h3>\n<p><a href=\"https:\/\/portugal2030.pt\/wp-content\/uploads\/sites\/3\/2023\/11\/PGA_PT2030_10.11.2023.pdf\" target=\"_blank\" rel=\"noopener\">Portugal 2030 Global Evaluation Plan<\/a><\/p>\n<ul>\n<li><a href=\"https:\/\/portugal2030.pt\/wp-content\/uploads\/sites\/3\/2023\/11\/42_2023_PL_com_anexo.pdf\" target=\"_blank\" rel=\"noopener\">Delibera\u00e7\u00e3o CIC Plen\u00e1ria N.\u00ba 42<\/a><\/li>\n<\/ul>\n<p><a href=\"https:\/\/portugal2030.pt\/wp-content\/uploads\/sites\/3\/2023\/11\/PlanoGlobalComunicacaoPT2030_20231110.pdf\" target=\"_blank\" rel=\"noopener\">Portugal 2030 Global Communication Plan<\/a><\/p>\n<ul>\n<li><a href=\"https:\/\/portugal2030.pt\/wp-content\/uploads\/sites\/3\/2023\/11\/41_2023_PL_com_anexo.pdf\" target=\"_blank\" rel=\"noopener\">Delibera\u00e7\u00e3o CIC Plen\u00e1ria N.\u00ba 41<\/a><\/li>\n<\/ul>\n<p>[\/et_pb_text][et_pb_text admin_label=&#8221;Outros Instrumentos&#8221; _builder_version=&#8221;4.19.2&#8243; _module_preset=&#8221;default&#8221; global_colors_info=&#8221;{}&#8221;]<\/p>\n<h3><strong>Other instruments<\/strong><\/h3>\n<p> <a href=\"https:\/\/recuperarportugal.gov.pt\/\" target=\"_blank\" rel=\"noopener\">RRP<\/a><\/p>\n<p>[\/et_pb_text][et_pb_text admin_label=&#8221;Log\u00f3tipo&#8221; _builder_version=&#8221;4.21.0&#8243; _module_preset=&#8221;default&#8221; custom_padding=&#8221;0px|||||&#8221; global_colors_info=&#8221;{}&#8221;]<\/p>\n<h3><strong>Logo<\/strong><\/h3>\n<p><a href=\"https:\/\/portugal2030.pt\/wp-content\/uploads\/sites\/3\/2023\/06\/Logotipo-Portugal-2030.zip\" target=\"_blank\" rel=\"noopener\">Portugal 2030 logo<\/a><\/p>\n<p>[\/et_pb_text][\/et_pb_column][\/et_pb_row][\/et_pb_section][et_pb_section fb_built=&#8221;1&#8243; admin_label=&#8221;Links \u00fateis&#8221; module_id=&#8221;projects&#8221; _builder_version=&#8221;4.19.2&#8243; _module_preset=&#8221;default&#8221; locked=&#8221;off&#8221; collapsed=&#8221;off&#8221; global_colors_info=&#8221;{}&#8221;][et_pb_row _builder_version=&#8221;4.19.2&#8243; _module_preset=&#8221;default&#8221; global_colors_info=&#8221;{}&#8221;][et_pb_column type=&#8221;4_4&#8243; _builder_version=&#8221;4.19.2&#8243; _module_preset=&#8221;default&#8221; global_colors_info=&#8221;{}&#8221;][et_pb_text admin_label=&#8221;T\u00edtulo&#8221; _builder_version=&#8221;4.20.1&#8243; _module_preset=&#8221;default&#8221; global_colors_info=&#8221;{}&#8221;]<\/p>\n<h4><strong>Other useful pages<\/strong><\/h4>\n<p>&nbsp;<\/p>\n<p><a href=\"https:\/\/portugal2030.pt\/en\/portugal-2030\/o-que-e-o-portugal-2030\/\">What it is Portugal 2030<\/a><\/p>\n<p><a href=\"https:\/\/portugal2030.pt\/en\/programmes\/\">Programmes<\/a><\/p>\n<p><a href=\"https:\/\/portugal2030.pt\/en\/?page_id=24130\">Help<\/a><\/p>\n<p>[\/et_pb_text][\/et_pb_column][\/et_pb_row][\/et_pb_section]<\/p>\n","protected":false},"excerpt":{"rendered":"<p>[et_pb_section fb_built=&#8221;1&#8243; admin_label=&#8221;Header&#8221; module_class=&#8221;bg-pt2030&#8243; _builder_version=&#8221;4.19.4&#8243; _module_preset=&#8221;default&#8221; locked=&#8221;off&#8221; collapsed=&#8221;off&#8221; global_colors_info=&#8221;{}&#8221;][et_pb_row _builder_version=&#8221;4.19.2&#8243; _module_preset=&#8221;default&#8221; collapsed=&#8221;off&#8221; global_colors_info=&#8221;{}&#8221;][et_pb_column type=&#8221;4_4&#8243; _builder_version=&#8221;4.19.2&#8243; _module_preset=&#8221;default&#8221; global_colors_info=&#8221;{}&#8221;][et_pb_post_title meta=&#8221;off&#8221; featured_image=&#8221;off&#8221; _builder_version=&#8221;4.19.2&#8243; _module_preset=&#8221;default&#8221; global_colors_info=&#8221;{}&#8221;][\/et_pb_post_title][\/et_pb_column][\/et_pb_row][\/et_pb_section][et_pb_section fb_built=&#8221;1&#8243; admin_label=&#8221;Documentos e Recursos&#8221; module_id=&#8221;resources&#8221; _builder_version=&#8221;4.19.4&#8243; _module_preset=&#8221;default&#8221; background_color=&#8221;#edf0f3&#8243; background_enable_color=&#8221;on&#8221; locked=&#8221;off&#8221; collapsed=&#8221;off&#8221; global_colors_info=&#8221;{}&#8221;][et_pb_row column_structure=&#8221;1_2,1_2&#8243; admin_label=&#8221;Global values&#8221; _builder_version=&#8221;4.16&#8243; _module_preset=&#8221;default&#8221; collapsed=&#8221;off&#8221; global_colors_info=&#8221;{}&#8221;][et_pb_column type=&#8221;1_2&#8243; _builder_version=&#8221;4.16&#8243; _module_preset=&#8221;default&#8221; global_colors_info=&#8221;{}&#8221;][et_pb_text admin_label=&#8221;Acordo de Parceria&#8221; _builder_version=&#8221;4.19.5&#8243; _module_preset=&#8221;default&#8221; global_colors_info=&#8221;{}&#8221;] Partnership agreement Final version [&hellip;]<\/p>\n","protected":false},"author":1,"featured_media":0,"parent":0,"menu_order":0,"comment_status":"closed","ping_status":"closed","template":"","meta":{"_acf_changed":false,"_et_pb_use_builder":"off","_et_pb_old_content":"","_et_gb_content_width":"","_uf_show_specific_survey":0,"_uf_disable_surveys":false,"_crosspost_to_10":false,"_crosspost_to_13":false,"_crosspost_to_14":false,"_crosspost_to_15":false,"_crosspost_to_16":false,"_crosspost_to_17":false,"_crosspost_to_18":false,"_crosspost_to_19":false,"_crosspost_to_20":false,"iawp_total_views":1230,"footnotes":""},"class_list":["post-24806","page","type-page","status-publish","hentry"],"acf":[],"aioseo_notices":[],"yoast_head":"<!-- This site is optimized with the Yoast SEO plugin v27.4 - https:\/\/yoast.com\/product\/yoast-seo-wordpress\/ -->\n<title>Documents and resources - Portugal 2030<\/title>\n<meta name=\"description\" content=\"Portugal 2030 documents and resources\" \/>\n<meta name=\"robots\" content=\"index, follow, max-snippet:-1, max-image-preview:large, max-video-preview:-1\" \/>\n<link rel=\"canonical\" href=\"https:\/\/portugal2030.pt\/en\/documentos-e-recursos\/\" \/>\n<meta property=\"og:locale\" content=\"en_US\" \/>\n<meta property=\"og:type\" content=\"article\" \/>\n<meta property=\"og:title\" content=\"Documents and resources - Portugal 2030\" \/>\n<meta property=\"og:description\" content=\"Portugal 2030 documents and resources\" \/>\n<meta property=\"og:url\" content=\"https:\/\/portugal2030.pt\/en\/documentos-e-recursos\/\" \/>\n<meta property=\"og:site_name\" content=\"Portugal 2030\" \/>\n<meta property=\"article:modified_time\" content=\"2023-11-28T16:37:29+00:00\" \/>\n<meta name=\"twitter:card\" content=\"summary_large_image\" \/>\n<meta name=\"twitter:label1\" content=\"Est. reading time\" \/>\n\t<meta name=\"twitter:data1\" content=\"2 minutes\" \/>\n<script type=\"application\/ld+json\" class=\"yoast-schema-graph\">{\"@context\":\"https:\\\/\\\/schema.org\",\"@graph\":[{\"@type\":\"WebPage\",\"@id\":\"https:\\\/\\\/portugal2030.pt\\\/en\\\/documentos-e-recursos\\\/\",\"url\":\"https:\\\/\\\/portugal2030.pt\\\/en\\\/documentos-e-recursos\\\/\",\"name\":\"Documents and resources - Portugal 2030\",\"isPartOf\":{\"@id\":\"https:\\\/\\\/portugal2030.pt\\\/#website\"},\"datePublished\":\"2023-04-14T11:13:06+00:00\",\"dateModified\":\"2023-11-28T16:37:29+00:00\",\"description\":\"Portugal 2030 documents and resources\",\"breadcrumb\":{\"@id\":\"https:\\\/\\\/portugal2030.pt\\\/en\\\/documentos-e-recursos\\\/#breadcrumb\"},\"inLanguage\":\"en-US\",\"potentialAction\":[{\"@type\":\"ReadAction\",\"target\":[\"https:\\\/\\\/portugal2030.pt\\\/en\\\/documentos-e-recursos\\\/\"]}]},{\"@type\":\"BreadcrumbList\",\"@id\":\"https:\\\/\\\/portugal2030.pt\\\/en\\\/documentos-e-recursos\\\/#breadcrumb\",\"itemListElement\":[{\"@type\":\"ListItem\",\"position\":1,\"name\":\"In\u00edcio\",\"item\":\"https:\\\/\\\/portugal2030.pt\\\/en\\\/homepage\\\/\"},{\"@type\":\"ListItem\",\"position\":2,\"name\":\"Documents and resources\"}]},{\"@type\":\"WebSite\",\"@id\":\"https:\\\/\\\/portugal2030.pt\\\/#website\",\"url\":\"https:\\\/\\\/portugal2030.pt\\\/\",\"name\":\"Portugal 2030\",\"description\":\"O Portugal 2030 materializa o Acordo de Parceria estabelecido entre Portugal e a Comiss\u00e3o Europeia, que fixa os grandes objetivos estrat\u00e9gicos para aplica\u00e7\u00e3o, entre 2021 e 2027, do montante global de 23 mil M\u20ac.\",\"potentialAction\":[{\"@type\":\"SearchAction\",\"target\":{\"@type\":\"EntryPoint\",\"urlTemplate\":\"https:\\\/\\\/portugal2030.pt\\\/?s={search_term_string}\"},\"query-input\":{\"@type\":\"PropertyValueSpecification\",\"valueRequired\":true,\"valueName\":\"search_term_string\"}}],\"inLanguage\":\"en-US\"}]}<\/script>\n<!-- \/ Yoast SEO plugin. -->","yoast_head_json":{"title":"Documents and resources - Portugal 2030","description":"Portugal 2030 documents and resources","robots":{"index":"index","follow":"follow","max-snippet":"max-snippet:-1","max-image-preview":"max-image-preview:large","max-video-preview":"max-video-preview:-1"},"canonical":"https:\/\/portugal2030.pt\/en\/documentos-e-recursos\/","og_locale":"en_US","og_type":"article","og_title":"Documents and resources - Portugal 2030","og_description":"Portugal 2030 documents and resources","og_url":"https:\/\/portugal2030.pt\/en\/documentos-e-recursos\/","og_site_name":"Portugal 2030","article_modified_time":"2023-11-28T16:37:29+00:00","twitter_card":"summary_large_image","twitter_misc":{"Est. reading time":"2 minutes"},"schema":{"@context":"https:\/\/schema.org","@graph":[{"@type":"WebPage","@id":"https:\/\/portugal2030.pt\/en\/documentos-e-recursos\/","url":"https:\/\/portugal2030.pt\/en\/documentos-e-recursos\/","name":"Documents and resources - Portugal 2030","isPartOf":{"@id":"https:\/\/portugal2030.pt\/#website"},"datePublished":"2023-04-14T11:13:06+00:00","dateModified":"2023-11-28T16:37:29+00:00","description":"Portugal 2030 documents and resources","breadcrumb":{"@id":"https:\/\/portugal2030.pt\/en\/documentos-e-recursos\/#breadcrumb"},"inLanguage":"en-US","potentialAction":[{"@type":"ReadAction","target":["https:\/\/portugal2030.pt\/en\/documentos-e-recursos\/"]}]},{"@type":"BreadcrumbList","@id":"https:\/\/portugal2030.pt\/en\/documentos-e-recursos\/#breadcrumb","itemListElement":[{"@type":"ListItem","position":1,"name":"In\u00edcio","item":"https:\/\/portugal2030.pt\/en\/homepage\/"},{"@type":"ListItem","position":2,"name":"Documents and resources"}]},{"@type":"WebSite","@id":"https:\/\/portugal2030.pt\/#website","url":"https:\/\/portugal2030.pt\/","name":"Portugal 2030","description":"O Portugal 2030 materializa o Acordo de Parceria estabelecido entre Portugal e a Comiss\u00e3o Europeia, que fixa os grandes objetivos estrat\u00e9gicos para aplica\u00e7\u00e3o, entre 2021 e 2027, do montante global de 23 mil M\u20ac.","potentialAction":[{"@type":"SearchAction","target":{"@type":"EntryPoint","urlTemplate":"https:\/\/portugal2030.pt\/?s={search_term_string}"},"query-input":{"@type":"PropertyValueSpecification","valueRequired":true,"valueName":"search_term_string"}}],"inLanguage":"en-US"}]}},"_links":{"self":[{"href":"https:\/\/portugal2030.pt\/en\/wp-json\/wp\/v2\/pages\/24806","targetHints":{"allow":["GET"]}}],"collection":[{"href":"https:\/\/portugal2030.pt\/en\/wp-json\/wp\/v2\/pages"}],"about":[{"href":"https:\/\/portugal2030.pt\/en\/wp-json\/wp\/v2\/types\/page"}],"author":[{"embeddable":true,"href":"https:\/\/portugal2030.pt\/en\/wp-json\/wp\/v2\/users\/1"}],"replies":[{"embeddable":true,"href":"https:\/\/portugal2030.pt\/en\/wp-json\/wp\/v2\/comments?post=24806"}],"version-history":[{"count":1,"href":"https:\/\/portugal2030.pt\/en\/wp-json\/wp\/v2\/pages\/24806\/revisions"}],"predecessor-version":[{"id":24809,"href":"https:\/\/portugal2030.pt\/en\/wp-json\/wp\/v2\/pages\/24806\/revisions\/24809"}],"wp:attachment":[{"href":"https:\/\/portugal2030.pt\/en\/wp-json\/wp\/v2\/media?parent=24806"}],"curies":[{"name":"wp","href":"https:\/\/api.w.org\/{rel}","templated":true}]}}