{"id":24810,"date":"2023-01-25T18:44:15","date_gmt":"2023-01-25T18:44:15","guid":{"rendered":"https:\/\/portugal2030.pt\/politica-de-acessibilidade\/"},"modified":"2023-11-28T16:37:30","modified_gmt":"2023-11-28T16:37:30","slug":"politica-de-acessibilidade","status":"publish","type":"page","link":"https:\/\/portugal2030.pt\/en\/politica-de-acessibilidade\/","title":{"rendered":"Accessibility"},"content":{"rendered":"<p>[et_pb_section fb_built=&#8221;1&#8243; admin_label=&#8221;Header&#8221; module_class=&#8221;about-page&#8221; _builder_version=&#8221;4.19.4&#8243; _module_preset=&#8221;default&#8221; locked=&#8221;off&#8221; collapsed=&#8221;off&#8221; global_colors_info=&#8221;{}&#8221;][et_pb_row _builder_version=&#8221;4.19.4&#8243; _module_preset=&#8221;default&#8221; collapsed=&#8221;on&#8221; global_colors_info=&#8221;{}&#8221;][et_pb_column type=&#8221;4_4&#8243; _builder_version=&#8221;4.19.2&#8243; _module_preset=&#8221;default&#8221; global_colors_info=&#8221;{}&#8221;][et_pb_post_title meta=&#8221;off&#8221; featured_image=&#8221;off&#8221; _builder_version=&#8221;4.19.4&#8243; _module_preset=&#8221;default&#8221; global_colors_info=&#8221;{}&#8221;][\/et_pb_post_title][\/et_pb_column][\/et_pb_row][et_pb_row column_structure=&#8221;2_3,1_3&#8243; use_custom_gutter=&#8221;on&#8221; gutter_width=&#8221;2&#8243; make_equal=&#8221;on&#8221; _builder_version=&#8221;4.19.4&#8243; _module_preset=&#8221;default&#8221; locked=&#8221;off&#8221; collapsed=&#8221;off&#8221; global_colors_info=&#8221;{}&#8221;][et_pb_column type=&#8221;2_3&#8243; _builder_version=&#8221;4.19.4&#8243; _module_preset=&#8221;default&#8221; global_colors_info=&#8221;{}&#8221;][et_pb_text admin_label=&#8221;Texto&#8221; _builder_version=&#8221;4.23.1&#8243; _module_preset=&#8221;default&#8221; hover_enabled=&#8221;0&#8243; global_colors_info=&#8221;{}&#8221; sticky_enabled=&#8221;0&#8243;]<\/p>\n<h1>Website Accessibility and Usability Statement<\/h1>\n<p><span class=\"mr mr-e-intro\">The<\/span> <span class=\"mr mr-e-name\">Ag\u00eancia para o Desenvolvimento &amp; Coes\u00e3o, I.P.<\/span> undertakes to make available <span class=\"mr mr-t-type\"><span class=\"target-type\">the website<\/span><\/span> <a class=\"siteurl\" href=\"https:\/\/portugal2030.pt\/en\/\" target=\"_blank\" rel=\"noopener\"><span class=\"mr mr-t-desc\"><span class=\"target-name\">www.portugal2030.pt<\/span><\/span><\/a>, in accordance with Decree-Law No 83\/2018 of 19 October 2018, transposing Directive (EU) 2016\/2102 of the European Parliament and of the Council on the accessibility of websites and mobile applications.<\/p>\n<h2 id=\"n1\">I. Compliance status<\/h2>\n<p class=\"capFL\">The <span class=\"target-type\">website<\/span> <a class=\"siteurl\" href=\"https:\/\/portugal2030.pt\/en\/\" target=\"_blank\" rel=\"noopener\"><span class=\"target-name\">www.portugal2030.pt<\/span><\/a> <span class=\"lowFL\" data-printfilter=\"lowerfirst\">of<\/span> the Agency for Development &amp; Cohesion, I.P. is <span class=\"mr mr-conformance-status\"><span class=\"conformance-output\">not in compliance<\/span><\/span> with Decree-Law No. 83\/2018 of 19 October.<\/p>\n<h2 id=\"n2\">II. Preparation of the accessibility and usability statement<\/h2>\n<p>This statement was updated on <span class=\"mr mr-date\">2023-11-24<\/span>.<\/p>\n<p>According to Article 9 of Decree-Law No. 83\/2018, entities must adopt the following monitoring procedures. Procedures A) and B) are mandatory. Procedure C) is recommended.<\/p>\n<p><strong>A. Automatic evaluations carried out<\/strong><\/p>\n<div class=\"mr mr-automatic-summary\">\n<ol>\n<li>(2023-09-04). Report: <a href=\"https:\/\/observatorio.acessibilidade.gov.pt\/directories\/6\/1636\" target=\"_blank\" rel=\"noopener\">https:\/\/observatorio.acessibilidade.gov.pt\/directories\/6\/1636<\/a>\n<ul>\n<li>Tool Used: Acess Monitor<\/li>\n<li>Sample: 22 pages.<\/li>\n<li>Main results (summary): Of the 22 pages automatically scanned, 15 pages are between 8 and 9, and 6 pages are between 9 and 10.<\/li>\n<\/ul>\n<\/li>\n<\/ol>\n<\/div>\n<p><strong>B. Manual evaluations carried out:<\/strong><\/p>\n<p class=\"capFL\"><span class=\"target-type\">The website<\/span> has not yet undergone a manual assessment of accessibility practices.<\/p>\n<p>Reasons that led to the non-performance of manual assessments:<\/p>\n<ul class=\"mr mr-no-manual-reasons\">\n<li>This website is being analyzed and reviewed to improve accessibility and usability.<\/li>\n<\/ul>\n<p><strong>C. Usability tests with people with disabilities:<\/strong><\/p>\n<p class=\"capFL\"><span class=\"target-type\">The website<\/span> has not yet been tested with users with disabilities.<\/p>\n<h2 id=\"n3\">III. Contact and request for information regarding <span class=\"target-type nType\">the website<\/span><\/h2>\n<p>To contact, send suggestions, make complaints or request additional information regarding the contents and\/or functionalities present <span class=\"target-type\">on the website<\/span> <span class=\"lowFL\" data-printfilter=\"lowerfirst\">of<\/span> the Agency for Development &amp; Cohesion, I.P., please use the following means:<\/p>\n<div class=\"mr mr-contacts\">\n<dl>\n<dt>Email<\/dt>\n<dd>nucleo.comunicacao@adcoesao.pt<\/dd>\n<\/dl>\n<\/div>\n<h2 id=\"n4\">IV. Other evidence<\/h2>\n<p><span id=\"accstmnt_seal_summary_empty\">The Agency for Development &amp; Cohesion, I.P. did not present, when filling out this Declaration, any other evidence or efforts to make its website compliant with the accessibility requirements contained in Decree-Law No. 83\/2018, of 19 October.<\/span><\/p>\n<h2 id=\"n5\">V. Reporting discrimination<\/h2>\n<p>In accordance with paragraph 1 of article 13 of Decree-Law no. 83\/2018, of 19 October, whenever a person with a disability is treated less favourably than that which is, has been or will be given to another person in a comparable situation, which constitutes a discriminatory practice against persons with disabilities, provided for and punished in accordance with the <a href=\"http:\/\/data.dre.pt\/eli\/lei\/46\/2006\/08\/28\/p\/dre\/pt\/html\" target=\"_blank\" rel=\"noopener\">Article 4 of Law No. 46\/2006 of 28 August 2006<\/a>, such a person may file a complaint, in accordance with the provisions of <a href=\"https:\/\/data.dre.pt\/eli\/dec-lei\/34\/2007\/02\/15\/p\/dre\/pt\/html\" target=\"_blank\" rel=\"noopener\">Decree-Law No. 34\/2007 of 15 February.<\/a><\/p>\n<p>The National Institute for Rehabilitation (INR, I.P.), provides a <a href=\"http:\/\/www.inr.pt\/resultados-de-pesquisa\/-\/journal_content\/56\/11309\/45065?p_p_auth=wje2GjQi\" target=\"_blank\" rel=\"noopener\">form to report situations of discrimination<\/a>, forwarding the complaints submitted to the competent authorities. Every year, the INR, I.P. draws up an annual report on the application of the law prohibiting and punishing discrimination on the grounds of disability and the existence of an aggravated health risk (Law No 46\/2006 of 28 August).<\/p>\n<hr aria-hidden=\"true\">\n<p>This Accessibility and Usability Statement was created with the help of the <a href=\"https:\/\/www.acessibilidade.gov.pt\/gerador\" target=\"_blank\" rel=\"noopener\">WAI-Tools PT v1.5 Generator<\/a>, developed within the scope of the <a href=\"https:\/\/w3.org\/WAI\/Tools\" target=\"_blank\" rel=\"noopener\">WAI-Tools<\/a> project, of which AMA is an integral part. The Declaration was designed in accordance with Decree-Law No. 83\/2018, of 19 October.<\/p>\n<p>[\/et_pb_text][et_pb_text admin_label=&#8221;Legisla\u00e7\u00e3o sobre acessibilidade&#8221; module_class=&#8221;bg-gray p-2 br-6&#8243; _builder_version=&#8221;4.19.4&#8243; _module_preset=&#8221;default&#8221; hover_enabled=&#8221;0&#8243; global_colors_info=&#8221;{}&#8221; sticky_enabled=&#8221;0&#8243;]<\/p>\n<p><strong>Legislation on accessibility<\/strong><\/p>\n<p><a href=\"https:\/\/dre.pt\/application\/dir\/pdf1sdip\/2012\/11\/21600\/0646006465.pdf\" target=\"_blank\" rel=\"noopener\">Council of Ministers Resolution n.\u00ba 91\/2012<\/a><br \/><a href=\"https:\/\/dre.pt\/application\/dir\/pdf1sdip\/2007\/10\/19000\/0705807058.pdf\" target=\"_blank\" rel=\"noopener\">Council of Ministers Resolution n.\u00ba 155\/2007<\/a><br \/><a href=\"https:\/\/dre.pt\/application\/dir\/pdfgratis\/1999\/08\/199B00.pdf\" target=\"_blank\" rel=\"noopener\">Council of Ministers Resolution n.\u00ba 97\/99<\/a><\/p>\n<p>[\/et_pb_text][et_pb_text admin_label=&#8221;Enquadramento sobre a acessibilidade&#8221; module_class=&#8221;bg-gray p-2 br-6&#8243; _builder_version=&#8221;4.19.4&#8243; _module_preset=&#8221;default&#8221; global_colors_info=&#8221;{}&#8221;]<\/p>\n<p><strong>Framework on accessibility<\/strong><\/p>\n<p><a href=\"http:\/\/www.acessibilidade.gov.pt\/\" target=\"_blank\" rel=\"noopener\">UMIC ACCESS Programme<\/a><br \/><a href=\"http:\/\/www.utad.pt\/wai\/wai-pageauth.html\" target=\"_blank\" rel=\"noopener\">W3C Web Content Accessibility Guidelines 1.0<\/a><br \/><a href=\"https:\/\/www.w3.org\/WAI\/\" target=\"_blank\" rel=\"noopener\">W3C Web Accessibility Initiative<\/a><\/p>\n<p>[\/et_pb_text][\/et_pb_column][et_pb_column type=&#8221;1_3&#8243; _builder_version=&#8221;4.19.4&#8243; _module_preset=&#8221;default&#8221; global_colors_info=&#8221;{}&#8221;][\/et_pb_column][\/et_pb_row][\/et_pb_section]<\/p>\n","protected":false},"excerpt":{"rendered":"<p>Website Accessibility and Usability Statement The Ag\u00eancia para o Desenvolvimento &amp; Coes\u00e3o, I.P. undertakes to make available the website www.portugal2030.pt, in accordance with Decree-Law No 83\/2018 of 19 October 2018, transposing Directive (EU) 2016\/2102 of the European Parliament and of the Council on the accessibility of websites and mobile applications. I. Compliance status The website [&hellip;]<\/p>\n","protected":false},"author":1,"featured_media":0,"parent":0,"menu_order":0,"comment_status":"closed","ping_status":"closed","template":"","meta":{"_acf_changed":false,"_et_pb_use_builder":"on","_et_pb_old_content":"","_et_gb_content_width":"","_uf_show_specific_survey":0,"_uf_disable_surveys":false,"_crosspost_to_10":false,"_crosspost_to_13":false,"_crosspost_to_14":false,"_crosspost_to_15":false,"_crosspost_to_16":false,"_crosspost_to_17":false,"_crosspost_to_18":false,"_crosspost_to_19":false,"_crosspost_to_20":false,"iawp_total_views":210,"footnotes":""},"class_list":["post-24810","page","type-page","status-publish","hentry"],"acf":[],"aioseo_notices":[],"yoast_head":"<!-- This site is optimized with the Yoast SEO plugin v27.4 - https:\/\/yoast.com\/product\/yoast-seo-wordpress\/ -->\n<title>Accessibility - Portugal 2030<\/title>\n<meta name=\"description\" content=\"Compliance of the website www.portugal2030.pt with decree-law no. 83\/2018, of 19 October\" \/>\n<meta name=\"robots\" content=\"index, follow, max-snippet:-1, max-image-preview:large, max-video-preview:-1\" \/>\n<link rel=\"canonical\" href=\"https:\/\/portugal2030.pt\/en\/politica-de-acessibilidade\/\" \/>\n<meta property=\"og:locale\" content=\"en_US\" \/>\n<meta property=\"og:type\" content=\"article\" \/>\n<meta property=\"og:title\" content=\"Accessibility - Portugal 2030\" \/>\n<meta property=\"og:description\" content=\"Compliance of the website www.portugal2030.pt with decree-law no. 83\/2018, of 19 October\" \/>\n<meta property=\"og:url\" content=\"https:\/\/portugal2030.pt\/en\/politica-de-acessibilidade\/\" \/>\n<meta property=\"og:site_name\" content=\"Portugal 2030\" \/>\n<meta property=\"article:modified_time\" content=\"2023-11-28T16:37:30+00:00\" \/>\n<meta name=\"twitter:card\" content=\"summary_large_image\" \/>\n<meta name=\"twitter:label1\" content=\"Est. reading time\" \/>\n\t<meta name=\"twitter:data1\" content=\"4 minutes\" \/>\n<script type=\"application\/ld+json\" class=\"yoast-schema-graph\">{\"@context\":\"https:\\\/\\\/schema.org\",\"@graph\":[{\"@type\":\"WebPage\",\"@id\":\"https:\\\/\\\/portugal2030.pt\\\/en\\\/politica-de-acessibilidade\\\/\",\"url\":\"https:\\\/\\\/portugal2030.pt\\\/en\\\/politica-de-acessibilidade\\\/\",\"name\":\"Accessibility - Portugal 2030\",\"isPartOf\":{\"@id\":\"https:\\\/\\\/portugal2030.pt\\\/#website\"},\"datePublished\":\"2023-01-25T18:44:15+00:00\",\"dateModified\":\"2023-11-28T16:37:30+00:00\",\"description\":\"Compliance of the website www.portugal2030.pt with decree-law no. 83\\\/2018, of 19 October\",\"breadcrumb\":{\"@id\":\"https:\\\/\\\/portugal2030.pt\\\/en\\\/politica-de-acessibilidade\\\/#breadcrumb\"},\"inLanguage\":\"en-US\",\"potentialAction\":[{\"@type\":\"ReadAction\",\"target\":[\"https:\\\/\\\/portugal2030.pt\\\/en\\\/politica-de-acessibilidade\\\/\"]}]},{\"@type\":\"BreadcrumbList\",\"@id\":\"https:\\\/\\\/portugal2030.pt\\\/en\\\/politica-de-acessibilidade\\\/#breadcrumb\",\"itemListElement\":[{\"@type\":\"ListItem\",\"position\":1,\"name\":\"In\u00edcio\",\"item\":\"https:\\\/\\\/portugal2030.pt\\\/en\\\/homepage\\\/\"},{\"@type\":\"ListItem\",\"position\":2,\"name\":\"Accessibility\"}]},{\"@type\":\"WebSite\",\"@id\":\"https:\\\/\\\/portugal2030.pt\\\/#website\",\"url\":\"https:\\\/\\\/portugal2030.pt\\\/\",\"name\":\"Portugal 2030\",\"description\":\"O Portugal 2030 materializa o Acordo de Parceria estabelecido entre Portugal e a Comiss\u00e3o Europeia, que fixa os grandes objetivos estrat\u00e9gicos para aplica\u00e7\u00e3o, entre 2021 e 2027, do montante global de 23 mil M\u20ac.\",\"potentialAction\":[{\"@type\":\"SearchAction\",\"target\":{\"@type\":\"EntryPoint\",\"urlTemplate\":\"https:\\\/\\\/portugal2030.pt\\\/?s={search_term_string}\"},\"query-input\":{\"@type\":\"PropertyValueSpecification\",\"valueRequired\":true,\"valueName\":\"search_term_string\"}}],\"inLanguage\":\"en-US\"}]}<\/script>\n<!-- \/ Yoast SEO plugin. -->","yoast_head_json":{"title":"Accessibility - Portugal 2030","description":"Compliance of the website www.portugal2030.pt with decree-law no. 83\/2018, of 19 October","robots":{"index":"index","follow":"follow","max-snippet":"max-snippet:-1","max-image-preview":"max-image-preview:large","max-video-preview":"max-video-preview:-1"},"canonical":"https:\/\/portugal2030.pt\/en\/politica-de-acessibilidade\/","og_locale":"en_US","og_type":"article","og_title":"Accessibility - Portugal 2030","og_description":"Compliance of the website www.portugal2030.pt with decree-law no. 83\/2018, of 19 October","og_url":"https:\/\/portugal2030.pt\/en\/politica-de-acessibilidade\/","og_site_name":"Portugal 2030","article_modified_time":"2023-11-28T16:37:30+00:00","twitter_card":"summary_large_image","twitter_misc":{"Est. reading time":"4 minutes"},"schema":{"@context":"https:\/\/schema.org","@graph":[{"@type":"WebPage","@id":"https:\/\/portugal2030.pt\/en\/politica-de-acessibilidade\/","url":"https:\/\/portugal2030.pt\/en\/politica-de-acessibilidade\/","name":"Accessibility - Portugal 2030","isPartOf":{"@id":"https:\/\/portugal2030.pt\/#website"},"datePublished":"2023-01-25T18:44:15+00:00","dateModified":"2023-11-28T16:37:30+00:00","description":"Compliance of the website www.portugal2030.pt with decree-law no. 83\/2018, of 19 October","breadcrumb":{"@id":"https:\/\/portugal2030.pt\/en\/politica-de-acessibilidade\/#breadcrumb"},"inLanguage":"en-US","potentialAction":[{"@type":"ReadAction","target":["https:\/\/portugal2030.pt\/en\/politica-de-acessibilidade\/"]}]},{"@type":"BreadcrumbList","@id":"https:\/\/portugal2030.pt\/en\/politica-de-acessibilidade\/#breadcrumb","itemListElement":[{"@type":"ListItem","position":1,"name":"In\u00edcio","item":"https:\/\/portugal2030.pt\/en\/homepage\/"},{"@type":"ListItem","position":2,"name":"Accessibility"}]},{"@type":"WebSite","@id":"https:\/\/portugal2030.pt\/#website","url":"https:\/\/portugal2030.pt\/","name":"Portugal 2030","description":"O Portugal 2030 materializa o Acordo de Parceria estabelecido entre Portugal e a Comiss\u00e3o Europeia, que fixa os grandes objetivos estrat\u00e9gicos para aplica\u00e7\u00e3o, entre 2021 e 2027, do montante global de 23 mil M\u20ac.","potentialAction":[{"@type":"SearchAction","target":{"@type":"EntryPoint","urlTemplate":"https:\/\/portugal2030.pt\/?s={search_term_string}"},"query-input":{"@type":"PropertyValueSpecification","valueRequired":true,"valueName":"search_term_string"}}],"inLanguage":"en-US"}]}},"_links":{"self":[{"href":"https:\/\/portugal2030.pt\/en\/wp-json\/wp\/v2\/pages\/24810","targetHints":{"allow":["GET"]}}],"collection":[{"href":"https:\/\/portugal2030.pt\/en\/wp-json\/wp\/v2\/pages"}],"about":[{"href":"https:\/\/portugal2030.pt\/en\/wp-json\/wp\/v2\/types\/page"}],"author":[{"embeddable":true,"href":"https:\/\/portugal2030.pt\/en\/wp-json\/wp\/v2\/users\/1"}],"replies":[{"embeddable":true,"href":"https:\/\/portugal2030.pt\/en\/wp-json\/wp\/v2\/comments?post=24810"}],"version-history":[{"count":1,"href":"https:\/\/portugal2030.pt\/en\/wp-json\/wp\/v2\/pages\/24810\/revisions"}],"predecessor-version":[{"id":24813,"href":"https:\/\/portugal2030.pt\/en\/wp-json\/wp\/v2\/pages\/24810\/revisions\/24813"}],"wp:attachment":[{"href":"https:\/\/portugal2030.pt\/en\/wp-json\/wp\/v2\/media?parent=24810"}],"curies":[{"name":"wp","href":"https:\/\/api.w.org\/{rel}","templated":true}]}}